{"id":4006,"date":"2024-06-13T12:17:04","date_gmt":"2024-06-13T10:17:04","guid":{"rendered":"https:\/\/reyns-advocaten.be\/cookiebeleid-eu\/"},"modified":"2024-09-27T09:54:45","modified_gmt":"2024-09-27T07:54:45","slug":"cookiebeleid-eu","status":"publish","type":"page","link":"https:\/\/reyns-advocaten.be\/fr\/cookiebeleid-eu\/","title":{"rendered":"Politique en mati\u00e8re de cookies (EU)"},"content":{"rendered":"\n<p>Advocatenkantoor Reyns BV dont le si\u00e8ge social est situ\u00e9 \u00e0 9120 Beveren-Waas, Grote Baan 68 et inscrit \u00e0 la Banque Carrefour des Entreprises sous le num\u00e9ro 0547.967.648<br>repr\u00e9sent\u00e9e par M. Ivan Reyns (administrateur) &#8211; info@reyns-advocaten.com<\/p>\n\n\n\n<h2 class=\"wp-block-heading\"><strong>Article 1 &#8211; G\u00e9n\u00e9ralit\u00e9s<\/strong><\/h2>\n\n\n\n<p>Conform\u00e9ment \u00e0 l&rsquo;article 129, 1\u00b0 de la loi du 13 juin 2005 relative aux communications \u00e9lectroniques, Reyns Advocaten souhaite informer les visiteurs de ses sites web de l&rsquo;utilisation de cookies. Reyns Advocaten utilise des cookies et des technologies similaires, telles que des pixels et des balises, afin d&rsquo;optimiser l&rsquo;exp\u00e9rience des visiteurs et des clients enregistr\u00e9s (ci-apr\u00e8s : l&rsquo;utilisateur) du site web sous les domaines suivants <a href=\"https:\/\/reyns-advocaten.be\/\">: https:\/\/reyns-advocaten.be\/<\/a>. Les finalit\u00e9s sp\u00e9cifiques de l&rsquo;utilisation des cookies sont d\u00e9finies plus en d\u00e9tail \u00e0 l&rsquo;article 9.<\/p>\n\n\n\n<h2 class=\"wp-block-heading\"><strong>Article 2 &#8211; Cookie d&rsquo;identification<\/strong><\/h2>\n\n\n\n<p>2.1 Un cookie est un petit fichier plac\u00e9 sur l&rsquo;appareil de l&rsquo;utilisateur. Il aide Reyns Advocaten \u00e0 identifier l&rsquo;appareil de l&rsquo;utilisateur et permet l&rsquo;utilisation des diff\u00e9rentes fonctionnalit\u00e9s du site web.<\/p>\n\n\n\n<p>2.2. Lors de la premi\u00e8re visite de l&rsquo;utilisateur sur le site web, une barre s&rsquo;affichera sur la premi\u00e8re page pour l&rsquo;avertir de l&rsquo;existence des cookies et lui offrir la possibilit\u00e9 <strong>(1) de<\/strong> continuer \u00e0 utiliser le site web sans d\u00e9sactiver les cookies ou <strong>(2) de<\/strong> continuer \u00e0 utiliser le site web en d\u00e9sactivant les cookies.<\/p>\n\n\n\n<p>2.3. Si l&rsquo;utilisateur ne souhaite pas recevoir de cookies, il peut modifier les param\u00e8tres du navigateur de l&rsquo;appareil sur lequel il visite le site web. Si l&rsquo;utilisateur utilise le site web sans modifier les param\u00e8tres de son navigateur, il est suppos\u00e9 accepter de recevoir tous les cookies du site web. L&rsquo;utilisateur doit noter que l&rsquo;exp\u00e9rience utilisateur et\/ou les fonctionnalit\u00e9s du site web ne seront pas optimales sans cookies.<\/p>\n\n\n\n<p><em>Comment d\u00e9sactiver les cookies ?<\/em><\/p>\n\n\n\n<p>Si vous souhaitez bloquer les cookies, vous pouvez le faire pour le navigateur que vous utilisez.<\/p>\n\n\n\n<ul class=\"wp-block-list\">\n<li>Internet Explorer <a href=\"http:\/\/windows.microsoft.com\/nl-NL\/windows7\/Block-enable-or-allow-cookies\">: http:\/\/windows.microsoft.com\/nl-NL\/windows7\/Block-enable-or-allow-cookies<\/a><\/li>\n\n\n\n<li>Chrome <a href=\"http:\/\/support.google.com\/chrome\/bin\/answer.py?hl=nl&amp;answer=95647\">: http:\/\/support.google.com\/chrome\/bin\/answer.py?hl=nl&amp;answer=95647<\/a><\/li>\n\n\n\n<li>Firefox <a href=\"http:\/\/support.mozilla.org\/nl\/kb\/cookies-in-en-uitschakelen-websites-voorkeuren?redirectlocale=nl&amp;redirectslug=Cookies+in-+en+uitschakelen\">: http:\/\/support.mozilla.org\/nl\/kb\/cookies-in-en-uitschakelen-websites-voorkeuren?redirectlocale=nl&amp;redirectslug=Cookies+in+and+disable<\/a><\/li>\n\n\n\n<li>Safari <a href=\"http:\/\/support.apple.com\/kb\/PH5042\">: http:\/\/support.apple.com\/kb\/PH5042<\/a><\/li>\n<\/ul>\n\n\n\n<p>Lorsque vous d\u00e9sactivez les cookies, n&rsquo;oubliez pas que certains graphiques peuvent ne pas s&rsquo;afficher correctement ou que vous ne pourrez pas utiliser certaines applications. Vous trouverez ci-dessous, \u00e0 l&rsquo;article 8 de la pr\u00e9sente politique en mati\u00e8re de cookies, une liste d\u00e9taill\u00e9e de tous les types de cookies utilis\u00e9s par Reyns Advocaten sur son site web.<\/p>\n\n\n\n<h2 class=\"wp-block-heading\"><strong>Article 3 &#8211; Justification du traitement<\/strong><\/h2>\n\n\n\n<p>3.1. Reyns Advocaten effectue tout traitement de donn\u00e9es \u00e0 caract\u00e8re personnel conform\u00e9ment au R\u00e8glement (UE) 2016\/679 du Parlement europ\u00e9en et du Conseil du 27 avril 2016 relatif \u00e0 la protection des personnes physiques \u00e0 l&rsquo;\u00e9gard du traitement des donn\u00e9es \u00e0 caract\u00e8re personnel, comme indiqu\u00e9 dans la Politique de confidentialit\u00e9 du site web. L&rsquo;utilisateur accepte \u00e9galement que Reyns Advocaten puisse acc\u00e9der aux donn\u00e9es collect\u00e9es par les cookies et les stocker. Ce stockage ou cet acc\u00e8s \u00e0 l&rsquo;information constitue un traitement des donn\u00e9es \u00e0 caract\u00e8re personnel dans le but de r\u00e9aliser les objectifs \u00e9nonc\u00e9s dans la pr\u00e9sente politique en mati\u00e8re de cookies et dans la politique de protection de la vie priv\u00e9e.<\/p>\n\n\n\n<p>3.2. L&rsquo;utilisateur du site web peut retirer son consentement \u00e0 tout moment et gratuitement, en d\u00e9sactivant les cookies dans son propre navigateur.<\/p>\n\n\n\n<h2 class=\"wp-block-heading\"><strong>Article 4 &#8211; Droits de l&rsquo;utilisateur<\/strong><\/h2>\n\n\n\n<p>Conform\u00e9ment \u00e0 la politique de confidentialit\u00e9, l&rsquo;utilisateur dispose \u00e0 tout moment d&rsquo;un droit d&rsquo;acc\u00e8s et de rectification des donn\u00e9es le concernant qui ont \u00e9t\u00e9 collect\u00e9es au moyen de cookies. Il a \u00e9galement le droit de s&rsquo;opposer gratuitement \u00e0 tout traitement de ces donn\u00e9es et\/ou \u00e0 la cession de ces donn\u00e9es \u00e0 des tiers \u00e0 des fins de promotion de produits et de services. L&rsquo;utilisateur peut \u00e9galement demander la rectification ou la suppression de donn\u00e9es personnelles incorrectes ou incompl\u00e8tes, ou de donn\u00e9es qui ne sont pas ou plus \u00e0 jour. L&rsquo;utilisateur a \u00e9galement le droit de demander \u00e0 Reyns Advocaten de supprimer ou de restreindre le traitement des donn\u00e9es \u00e0 caract\u00e8re personnel, ainsi que le droit de s&rsquo;opposer au traitement et le droit \u00e0 la portabilit\u00e9 des donn\u00e9es.<\/p>\n\n\n\n<h2 class=\"wp-block-heading\"><strong>Article 5 &#8211; D\u00e9lais de conservation<\/strong><\/h2>\n\n\n\n<p>Reyns Advocaten conservera les donn\u00e9es \u00e0 caract\u00e8re personnel de l&rsquo;utilisateur qu&rsquo;il traite par le biais de cookies pendant toute la dur\u00e9e de mise en ligne du site web ou de ses versions ult\u00e9rieures qui utilisent les m\u00eames donn\u00e9es \u00e0 caract\u00e8re personnel. La p\u00e9riode de conservation des donn\u00e9es personnelles trait\u00e9es par le biais de cookies de tiers est d\u00e9termin\u00e9e par la politique de confidentialit\u00e9 des cookies concern\u00e9s.<\/p>\n\n\n\n<h2 class=\"wp-block-heading\"><strong>Article 6 &#8211; R\u00e9clamations<\/strong><\/h2>\n\n\n\n<p>L&rsquo;utilisateur a toujours le droit d&rsquo;introduire toute plainte concernant des violations de donn\u00e9es ou des violations pr\u00e9sum\u00e9es de la vie priv\u00e9e concernant l&rsquo;utilisation de cookies par Reyns Advocaten aupr\u00e8s de l&rsquo;Autorit\u00e9 belge de protection des donn\u00e9es aux coordonn\u00e9es suivantes :<\/p>\n\n\n\n<p>Commission de la protection de la vie priv\u00e9e<br>Commission de la protection de la vie priv\u00e9e Adresse : Rue de la Presse 35, 1000 Bruxelles<br>T\u00e9l : +32 (0)2 274 48 00<br>Fax : +32 (0)2 274 48 35<br>Courriel : commission@privacycommission.be<br>Site web : https:\/\/www.privacycommission.be \/\u00a0<\/p>\n\n\n\n<h2 class=\"wp-block-heading\"><strong>Article 7 &#8211; Cookies de tiers<\/strong><\/h2>\n\n\n\n<p><strong>Cookies techniques ou fonctionnels<\/strong><\/p>\n\n\n\n<p>Certains cookies garantissent que certaines parties du site fonctionnent correctement et que vos pr\u00e9f\u00e9rences d&rsquo;utilisateur restent connues. En pla\u00e7ant des cookies fonctionnels, nous facilitons votre visite sur notre site. Ainsi, vous ne devez pas r\u00e9introduire les m\u00eames informations \u00e0 chaque fois que vous visitez notre site, par exemple. Nous pouvons placer ces cookies sans votre consentement.<\/p>\n\n\n\n<p><strong>Cookies statistiques<\/strong><\/p>\n\n\n\n<p>Nous utilisons des cookies statistiques pour optimiser l&rsquo;exp\u00e9rience de nos utilisateurs. Nous obtenons des informations sur l&rsquo;utilisation de notre site gr\u00e2ce aux cookies de statistiques. Nous vous demandons votre autorisation pour placer des cookies de statistiques.<\/p>\n\n\n\n<p><strong>Cookies de marketing\/suivi<\/strong><\/p>\n\n\n\n<p>Les cookies de marketing\/suivi sont des cookies ou toute autre forme de stockage local utilis\u00e9s pour cr\u00e9er des profils d&rsquo;utilisateurs dans le but d&rsquo;afficher des publicit\u00e9s ou de suivre l&rsquo;utilisateur sur ce site ou d&rsquo;autres sites \u00e0 des fins de marketing similaires.<\/p>\n\n\n\n<h2 class=\"wp-block-heading\"><strong>Article 8 &#8211; Types de cookies utilis\u00e9s<\/strong><\/h2>\n\n\n\n<p>8.1. Reyns Advocaten utilise deux types de cookies : les cookies permanents et les cookies de session. Un cookie permanent est plac\u00e9 une fois que l&rsquo;utilisateur s&rsquo;est connect\u00e9 avec un compte. La prochaine fois que l&rsquo;utilisateur visite le site web avec le m\u00eame appareil, le cookie permanent permet \u00e0 Reyns Advocaten de reconna\u00eetre l&rsquo;utilisateur comme un utilisateur existant, de sorte que l&rsquo;utilisateur ne doive pas se connecter \u00e0 nouveau pour utiliser le site web.<\/p>\n\n\n\n<p>8.2. Un cookie de session est utilis\u00e9 pour identifier une visite sp\u00e9cifique sur le site web. Les cookies de session expirent apr\u00e8s une courte p\u00e9riode ou lorsque l&rsquo;utilisateur ferme le navigateur avec lequel la visite a eu lieu.<\/p>\n\n\n\n<p>8.3. Reyns Advocaten peut utiliser d&rsquo;autres technologies telles qu&rsquo;Adobe Flash pour placer l&rsquo;\u00e9quivalent fonctionnel d&rsquo;un cookie sur l&rsquo;appareil de l&rsquo;utilisateur.<\/p>\n\n\n\n<p>8.4. Reyns Advocaten peut placer des cookies lorsque l&rsquo;utilisateur visite le site web ou des cookies peuvent \u00eatre plac\u00e9s par d&rsquo;autres sites web ou services qui ex\u00e9cutent du contenu sur la page que l&rsquo;utilisateur consulte sur le site web (les cookies de tiers).<\/p>\n\n\n\n<p>8.5. Squarespace est le syst\u00e8me utilis\u00e9 pour cr\u00e9er le site web.<\/p>\n\n\n\n<p>8.6. Vous trouverez ci-dessous la liste des cookies utilis\u00e9s sur le site web de Reyns Advocaten :<\/p>\n\n\n\n<p>Cookies fonctionnels<\/p>\n\n\n\n<p><strong>Nom de domaine Type Dur\u00e9e de stockage Objectif<\/strong><\/p>\n\n\n\n<p>Reyns advocaten Crumb First-Party Cookie Jusqu&rsquo;\u00e0 la fermeture de votre navigateur Emp\u00eache la falsification des requ\u00eates intersites.<\/p>\n\n\n\n<p>site&nbsp;<\/p>\n\n\n\n<p>Cookies analytiques et de performance non fonctionnels<\/p>\n\n\n\n<p><strong>Nom de domaine Type Conservation Objectif<\/strong><\/p>\n\n\n\n<ul class=\"wp-block-list\">\n<li>Squarespace Ss_cid Cookie de tiers 2 ans Identifie les visiteurs uniques et suit les sessions des visiteurs sur le site.<br>sessions des visiteurs sur un site<\/li>\n\n\n\n<li>Squarespace Ss_cvr Cookie tiers 2 ans Identifie les visiteurs uniques et suit les sessions des visiteurs sur le site.<br>les sessions des visiteurs sur un site<\/li>\n\n\n\n<li>Squarespace Ss_cvisit Cookie tiers 30 minutes Identifie les visiteurs uniques et suit les sessions des visiteurs sur le site.<br>les sessions des visiteurs sur un site<\/li>\n\n\n\n<li>Squarespace Ss_cvt Cookie tiers 30 minutes Identifie les visiteurs uniques et suit les sessions des visiteurs sur le site.<br>les sessions des visiteurs sur un site<\/li>\n\n\n\n<li>Squarespace Ss_cpvisit Cookie tiers 2 ans Identifie les visiteurs uniques et suit les sessions des visiteurs sur un site.<br>sessions des visiteurs sur un site bi<\/li>\n\n\n\n<li>Analytics &#8211; cookies de statistiques<\/li>\n<\/ul>\n\n\n\n<p><strong>Google Analytics<\/strong> <a href=\"https:\/\/policies.google.com\/technologies\/cookies?hl=en-US\">: https:\/\/policies.google.com\/technologies\/cookies?hl=en-US<\/a><\/p>\n\n\n\n<ul class=\"wp-block-list\">\n<li>Google Analytics _ga Cookie tiers 2 ans<\/li>\n\n\n\n<li>Google Analytics _gid Cookie tiers 1 jour<\/li>\n\n\n\n<li>Google Analytics __utmc Cookie tiers Expire apr\u00e8s la fin de la session<\/li>\n\n\n\n<li>Google Analytics __utmz Cookie tiers 5 mois<\/li>\n\n\n\n<li>Google Analytics __utmb Cookie tiers 30 minutes<\/li>\n\n\n\n<li>Google Analytics __utma Cookie tiers 2 ans<\/li>\n\n\n\n<li>Google Analytics OTZ Cookie tiers 1 mois<\/li>\n\n\n\n<li>Google Analytics SSID, SAPISID Cookie tiers 1 an<\/li>\n\n\n\n<li>Cookies marketing<\/li>\n<\/ul>\n\n\n\n<p><strong>Google Ads<\/strong> <a href=\"https:\/\/policies.google.com\/technologies\/cookies?hl=en-US\">: https:\/\/policies.google.com\/technologies\/cookies?hl=en-US<\/a><\/p>\n\n\n\n<ul class=\"wp-block-list\">\n<li>Google PISID Cookie tiers 2 ans<\/li>\n\n\n\n<li>Cookie tiers Google SSID Persistant<\/li>\n\n\n\n<li>Google __Secure-1PSID Cookie tiers 2 ans<\/li>\n\n\n\n<li>Google __Secure-3PSIDCC Cookie tiers 2 ans<\/li>\n\n\n\n<li>Google __Secure-3PSID Cookie tiers 2 ans<\/li>\n\n\n\n<li>Google __Secure-1PAPISID Cookie tiers 2 ans<\/li>\n\n\n\n<li>Cookie tiers Google NID 1 an<\/li>\n\n\n\n<li>Cookie tiers Google IDE 13 mois<\/li>\n<\/ul>\n\n\n\n<p><strong>LinkedIn<\/strong> <a href=\"https:\/\/www.linkedin.com\/legal\/privacy-policy\">: https:\/\/www.linkedin.com\/legal\/privacy-policy<\/a><\/p>\n\n\n\n<h2 class=\"wp-block-heading\"><strong>Article 9 &#8211; Finalit\u00e9s des cookies<\/strong><\/h2>\n\n\n\n<p>9.1. Les cookies utilis\u00e9s par Reyns Advocaten fournissent des informations sur l&rsquo;heure \u00e0 laquelle l&rsquo;utilisateur visite le site web et sur les pr\u00e9f\u00e9rences de l&rsquo;utilisateur. Reyns Advocaten utilise \u00e9galement les cookies pour am\u00e9liorer l&rsquo;exp\u00e9rience de l&rsquo;utilisateur. Les cookies rendent \u00e9galement les interactions avec le site web plus s\u00fbres et plus rapides. Ils garantissent que l&rsquo;exp\u00e9rience de l&rsquo;utilisateur est adapt\u00e9e \u00e0 ce dernier et correspond \u00e0 ses param\u00e8tres personnels.<\/p>\n\n\n\n<p>9.2. Reyns Advocaten utilise des cookies \u00e0 diverses fins :<\/p>\n\n\n\n<ul class=\"wp-block-list\">\n<li>V\u00e9rification<\/li>\n<\/ul>\n\n\n\n<p>Reyns Advocaten utilise des cookies pour savoir si l&rsquo;utilisateur est connect\u00e9 afin d&rsquo;afficher les informations correctes et de fournir \u00e0 l&rsquo;utilisateur une exp\u00e9rience personnalis\u00e9e.<\/p>\n\n\n\n<ul class=\"wp-block-list\">\n<li>S\u00e9curit\u00e9<\/li>\n<\/ul>\n\n\n\n<p>Reyns Advocaten utilise des cookies pour soutenir ou activer les fonctions de s\u00e9curit\u00e9 que Reyns Advocaten applique et pour aider Reyns Advocaten \u00e0 d\u00e9tecter les activit\u00e9s malveillantes.<\/p>\n\n\n\n<ul class=\"wp-block-list\">\n<li>Pr\u00e9f\u00e9rences, fonctions et services<\/li>\n<\/ul>\n\n\n\n<p>Reyns Advocaten utilise des cookies pour savoir quelle langue l&rsquo;utilisateur souhaite utiliser, quelles sont ses pr\u00e9f\u00e9rences en mati\u00e8re de communication, et ils aident l&rsquo;utilisateur \u00e0 remplir des formulaires sur le site web. Ils permettent \u00e9galement \u00e0 l&rsquo;utilisateur de b\u00e9n\u00e9ficier de fonctionnalit\u00e9s et d&rsquo;un contenu personnalis\u00e9.<\/p>\n\n\n\n<ul class=\"wp-block-list\">\n<li>Performance, analyse et recherche<\/li>\n<\/ul>\n\n\n\n<p>Reyns Advocaten utilise des cookies pour collecter des informations sur les performances globales du site web et des \u00e9ventuels plug-ins. Reyns Advocaten utilise \u00e9galement des cookies pour comprendre, am\u00e9liorer et rechercher des produits, des fonctionnalit\u00e9s et des services, y compris lorsque l&rsquo;utilisateur acc\u00e8de au site web \u00e0 partir d&rsquo;autres sites web, applications ou appareils, tels qu&rsquo;un appareil n&rsquo;appartenant pas \u00e0 l&rsquo;utilisateur ou un appareil mobile (smartphone ou tablette).<\/p>\n","protected":false},"excerpt":{"rendered":"<p>Advocatenkantoor Reyns BV dont le si\u00e8ge social est situ\u00e9 \u00e0 9120 Beveren-Waas, Grote Baan 68 et inscrit \u00e0 la Banque Carrefour des Entreprises sous le num\u00e9ro 0547.967.648repr\u00e9sent\u00e9e par M. Ivan Reyns (administrateur) &#8211; info@reyns-advocaten.com Article 1 &#8211; G\u00e9n\u00e9ralit\u00e9s Conform\u00e9ment \u00e0 l&rsquo;article 129, 1\u00b0 de la loi du 13 juin 2005 relative aux communications \u00e9lectroniques, Reyns [&hellip;]<\/p>\n","protected":false},"author":3,"featured_media":0,"parent":0,"menu_order":0,"comment_status":"closed","ping_status":"closed","template":"template_text.php","meta":{"_acf_changed":false,"om_disable_all_campaigns":false,"_monsterinsights_skip_tracking":false,"_monsterinsights_sitenote_active":false,"_monsterinsights_sitenote_note":"","_monsterinsights_sitenote_category":0,"footnotes":""},"class_list":["post-4006","page","type-page","status-publish","hentry"],"pp_statuses_selecting_workflow":false,"pp_workflow_action":"current","pp_status_selection":"publish","acf":[],"aioseo_notices":[],"_links":{"self":[{"href":"https:\/\/reyns-advocaten.be\/fr\/wp-json\/wp\/v2\/pages\/4006","targetHints":{"allow":["GET"]}}],"collection":[{"href":"https:\/\/reyns-advocaten.be\/fr\/wp-json\/wp\/v2\/pages"}],"about":[{"href":"https:\/\/reyns-advocaten.be\/fr\/wp-json\/wp\/v2\/types\/page"}],"author":[{"embeddable":true,"href":"https:\/\/reyns-advocaten.be\/fr\/wp-json\/wp\/v2\/users\/3"}],"replies":[{"embeddable":true,"href":"https:\/\/reyns-advocaten.be\/fr\/wp-json\/wp\/v2\/comments?post=4006"}],"version-history":[{"count":0,"href":"https:\/\/reyns-advocaten.be\/fr\/wp-json\/wp\/v2\/pages\/4006\/revisions"}],"wp:attachment":[{"href":"https:\/\/reyns-advocaten.be\/fr\/wp-json\/wp\/v2\/media?parent=4006"}],"curies":[{"name":"wp","href":"https:\/\/api.w.org\/{rel}","templated":true}]}}