{"id":4012,"date":"2023-10-02T16:43:32","date_gmt":"2023-10-02T14:43:32","guid":{"rendered":"https:\/\/reyns-advocaten.be\/anti-witwas-beleid\/"},"modified":"2024-09-27T10:07:08","modified_gmt":"2024-09-27T08:07:08","slug":"politique-de-lutte-contre-le-blanchiment-dargent","status":"publish","type":"page","link":"https:\/\/reyns-advocaten.be\/fr\/politique-de-lutte-contre-le-blanchiment-dargent\/","title":{"rendered":"Politique de lutte contre le blanchiment d&rsquo;argent."},"content":{"rendered":"\n<p>Depuis le 2 f\u00e9vrier 2004, lorsqu&rsquo;ils exercent certaines activit\u00e9s au profit de leurs clients, les avocats sont soumis \u00e0 certaines dispositions de la l\u00e9gislation anti-blanchiment. La loi du 18 septembre 2017 relative \u00e0 la pr\u00e9vention du blanchiment de capitaux et du financement du terrorisme et \u00e0 la limitation de l&rsquo;usage de l&rsquo;argent liquide, d&rsquo;une part, et la section III.1.2 du Code de d\u00e9ontologie des avocats, d&rsquo;autre part, imposent aux avocats de d\u00e9velopper et d&rsquo;appliquer des politiques, des proc\u00e9dures et des contr\u00f4les internes efficaces. Selon la nature des services que l&rsquo;avocat doit vous fournir, il peut \u00eatre tenu de se conformer strictement \u00e0 la l\u00e9gislation contre le blanchiment d&rsquo;argent et le financement du terrorisme et aux r\u00e8glements du barreau. Dans ce cas, l&rsquo;avocat est principalement tenu \u00e0 un devoir d&rsquo;identification et de vigilance \u00e0 l&rsquo;\u00e9gard de son client. Dans ce cadre, l&rsquo;avocat est tenu de conserver pendant 10 ans les informations relatives \u00e0 l&rsquo;identification, aux caract\u00e9ristiques du client ainsi qu&rsquo;\u00e0 l&rsquo;objet et \u00e0 la nature de la transaction. A cette fin, l&rsquo;avocat peut proc\u00e9der \u00e0 des v\u00e9rifications en utilisant des bases de donn\u00e9es \u00e9lectroniques externes.<\/p>\n\n\n\n<p>Cette proc\u00e9dure requiert la coop\u00e9ration du client et oblige les clients travaillant sous la forme d&rsquo;une personne morale ou d&rsquo;une autre construction juridique \u00e0 informer leur avocat de l&rsquo;identit\u00e9 du b\u00e9n\u00e9ficiaire effectif de cette forme juridique. Le client s&rsquo;engage \u00e0 informer l&rsquo;avocat de tout changement susceptible d&rsquo;affecter son statut. Le client s&rsquo;engage \u00e0 fournir les informations demand\u00e9es par l&rsquo;avocat \u00e0 premi\u00e8re demande. Si le client refuse de fournir ces informations, apr\u00e8s qu&rsquo;elles aient \u00e9t\u00e9 demand\u00e9es, l&rsquo;avocat ne pourra pas entrer dans la relation d&rsquo;affaires et, s&rsquo;il a d\u00e9j\u00e0 agi \u00e0 titre provisoire, il devra mettre fin \u00e0 son intervention. En outre, dans certaines circonstances, la l\u00e9gislation anti-blanchiment impose \u00e0 l&rsquo;avocat de signaler au b\u00e2tonnier de son barreau les \u00e9ventuels soup\u00e7ons de blanchiment de capitaux ou de financement du terrorisme dans lesquels le client serait impliqu\u00e9. L&rsquo;avocat n&rsquo;est pas responsable envers le client des cons\u00e9quences d&rsquo;une d\u00e9claration faite de bonne foi.<\/p>\n\n\n\n<div style=\"height:100px\" aria-hidden=\"true\" class=\"wp-block-spacer\"><\/div>\n","protected":false},"excerpt":{"rendered":"<p>Depuis le 2 f\u00e9vrier 2004, lorsqu&rsquo;ils exercent certaines activit\u00e9s au profit de leurs clients, les avocats sont soumis \u00e0 certaines dispositions de la l\u00e9gislation anti-blanchiment. La loi du 18 septembre 2017 relative \u00e0 la pr\u00e9vention du blanchiment de capitaux et du financement du terrorisme et \u00e0 la limitation de l&rsquo;usage de l&rsquo;argent liquide, d&rsquo;une part, [&hellip;]<\/p>\n","protected":false},"author":3,"featured_media":0,"parent":0,"menu_order":0,"comment_status":"closed","ping_status":"closed","template":"template_text.php","meta":{"_acf_changed":false,"om_disable_all_campaigns":false,"_monsterinsights_skip_tracking":false,"_monsterinsights_sitenote_active":false,"_monsterinsights_sitenote_note":"","_monsterinsights_sitenote_category":0,"footnotes":""},"class_list":["post-4012","page","type-page","status-publish","hentry"],"pp_statuses_selecting_workflow":false,"pp_workflow_action":"current","pp_status_selection":"publish","acf":[],"aioseo_notices":[],"_links":{"self":[{"href":"https:\/\/reyns-advocaten.be\/fr\/wp-json\/wp\/v2\/pages\/4012","targetHints":{"allow":["GET"]}}],"collection":[{"href":"https:\/\/reyns-advocaten.be\/fr\/wp-json\/wp\/v2\/pages"}],"about":[{"href":"https:\/\/reyns-advocaten.be\/fr\/wp-json\/wp\/v2\/types\/page"}],"author":[{"embeddable":true,"href":"https:\/\/reyns-advocaten.be\/fr\/wp-json\/wp\/v2\/users\/3"}],"replies":[{"embeddable":true,"href":"https:\/\/reyns-advocaten.be\/fr\/wp-json\/wp\/v2\/comments?post=4012"}],"version-history":[{"count":0,"href":"https:\/\/reyns-advocaten.be\/fr\/wp-json\/wp\/v2\/pages\/4012\/revisions"}],"wp:attachment":[{"href":"https:\/\/reyns-advocaten.be\/fr\/wp-json\/wp\/v2\/media?parent=4012"}],"curies":[{"name":"wp","href":"https:\/\/api.w.org\/{rel}","templated":true}]}}