{"id":4016,"date":"2023-08-16T10:40:15","date_gmt":"2023-08-16T08:40:15","guid":{"rendered":"https:\/\/reyns-advocaten.be\/contact\/"},"modified":"2024-11-29T11:09:13","modified_gmt":"2024-11-29T09:09:13","slug":"contact","status":"publish","type":"page","link":"https:\/\/reyns-advocaten.be\/fr\/contact\/","title":{"rendered":"Contact"},"content":{"rendered":"\n<div style=\"height:40px\" aria-hidden=\"true\" class=\"wp-block-spacer\"><\/div>\n\n\n<div class=\"wi-block-contact-map\">\n    <div class=\"left\">\n        <div class=\"map\" id=\"map-b91af8b2084782e75bb4\"><\/div>\n    <\/div>\n    <div class=\"right\">\n        <h2>Contact<\/h2>\n        <div class=\"contact-info\">\n            <div class=\"col-1\">\n                <p><a href=\"tel:+3237509450\">T.: +32-(0)3 750 94 50<\/a><\/p>\n                            <\/div>\n            <div class=\"col-2\">\n                <p>\n                    <a href=\"mailto:info@reyns-advocaten.com\">info@reyns-advocaten.com<\/a>\n                <\/p>\n            <\/div>\n        <\/div>\n        <div class=\"address-info\">\n                                                <div class=\"address-item\">\n                        <p><b>Melsele<\/b><\/p>\n                        <p>Grote Baan 68<\/p>\n                        <p>B-9120 Melsele<\/p>\n                    <\/div>\n                                    <div class=\"address-item\">\n                        <p><b>Anvers<\/b><\/p>\n                        <p>L\u00e9on Stynenstraat 63<\/p>\n                        <p>B-2000 Anvers<\/p>\n                    <\/div>\n                                    <div class=\"address-item\">\n                        <p><b>Gand<\/b><\/p>\n                        <p>Ottergemsesteenweg<\/p>\n                        <p>B-9000 Gand<\/p>\n                    <\/div>\n                                    <\/div>\n                    <div class=\"button-container\">\n                                    <a href=\"#stel-een-vraag\"\n                        class=\"dark\">Contactez-nous<\/a>\n                            <\/div>\n            <\/div>\n<\/div>\n\n\n<script>\n    \/\/ Creating map options\n\n    var mapOptions = {\n        center: [51.118592883632, 4.0596604620903],\n        zoom: 8,\n        zoomControl: false,\n        attributionControl: false\n    }\n\n    \/\/ Creating a map object\n    var map = new L.map('map-b91af8b2084782e75bb4', mapOptions);\n\n    \/\/ Move Attribution to bottom left\n\n    L.control.attribution({\n        position: 'bottomright'\n    }).addTo(map);\n\n    \/\/ Creating a Layer object\n    var layer = new L.TileLayer('https:\/\/{s}.tile.openstreetmap.org\/{z}\/{x}\/{y}.png', {\n        attribution: '\u00a9 <a href=\"https:\/\/www.openstreetmap.org\/copyright\" target=\"_blank\" rel=\"noopener noreferrer\">OpenStreetMap<\/a>'\n    });\n\n    \/\/ Adding layer to the map\n    map.addLayer(layer);\n\n    \/\/ Creating markers\n    var iconOptions = {\n        iconUrl: 'https:\/\/reyns-advocaten.be\/wp-content\/themes\/webitx\/images\/pin.svg',\n        iconSize: [23, 31]\n    }\n    var customIcon = L.icon(iconOptions);\n\n    var markerOptions = {\n        clickable: true,\n        draggable: false,\n        icon: customIcon\n    }\n\n            \n            var marker = L.marker([51.22067265337004, 4.2984812796292005], markerOptions);\n            marker.bindPopup(\n                '<b>Adres:<\/b> Grote Baan 68, B-9120 Melsele<br><b>Telefoon:<\/b> +3237509450<br><b>E-mail:<\/b> info@reyns-advocaten.com'\n            ).openPopup();\n            marker.addTo(map);\n\n                    \n            var marker = L.marker([51.20612725235865, 4.385023097737995], markerOptions);\n            marker.bindPopup(\n                '<b>Adres:<\/b> L\u00e9on Stynenstraat 63, B-2000 Anvers<br><b>Telefoon:<\/b> +3237509450<br><b>E-mail:<\/b> info@reyns-advocaten.com'\n            ).openPopup();\n            marker.addTo(map);\n\n                    \n            var marker = L.marker([51.016513113893964, 3.7342978264426248], markerOptions);\n            marker.bindPopup(\n                '<b>Adres:<\/b> Ottergemsesteenweg, B-9000 Gand<br><b>Telefoon:<\/b> +3237509450<br><b>E-mail:<\/b> info@reyns-advocaten.com'\n            ).openPopup();\n            marker.addTo(map);\n\n            \n\n    \/\/ Zoom effect\n    map.flyTo([51.118592883632, 4.0596604620903], 10);\n<\/script>\n\n\n\n<div style=\"height:120px\" aria-hidden=\"true\" id=\"stel-een-vraag\" class=\"wp-block-spacer\"><\/div>\n\n\n<div class=\"wi-block-contact-form\">\n    <div class=\"content-wrapper\">\n        <div class=\"form-content\">\n            <div class=\"left\">\n                <h2>Posez votre question<\/h2>\n            <\/div>\n            <div class=\"right\">\n                <p><span data-sheets-root=\"1\" data-sheets-value=\"{&quot;1&quot;:2,&quot;2&quot;:&quot;Notre \u00e9quipe de juristes sp\u00e9cialis\u00e9s est \u00e0 votre service. Nous nous effor\u00e7ons de vous contacter dans les 24 heures.&quot;}\" data-sheets-userformat=\"{&quot;2&quot;:14721,&quot;3&quot;:{&quot;1&quot;:0,&quot;3&quot;:1},&quot;10&quot;:0,&quot;11&quot;:4,&quot;14&quot;:{&quot;1&quot;:3,&quot;3&quot;:1},&quot;15&quot;:&quot;aptos narrow&quot;,&quot;16&quot;:11}\">Notre \u00e9quipe de juristes sp\u00e9cialis\u00e9s est \u00e0 votre service. Nous nous effor\u00e7ons de vous contacter dans les 24 heures.<\/span><\/p>\n            <\/div>\n        <\/div>\n                <div class=\"form-container\">\n            <div class=\"frm_forms  with_frm_style frm_style_formidable-style\" id=\"frm_form_13_container\" data-token=\"56717e9a6af45c920835d453093d7a85\">\n<form enctype=\"multipart\/form-data\" method=\"post\" class=\"frm-show-form  frm_pro_form \" id=\"form_contact2\" data-token=\"56717e9a6af45c920835d453093d7a85\">\n<div class=\"frm_form_fields \">\n<fieldset>\n<legend class=\"frm_screen_reader\">Contact fr<\/legend>\r\n\r\n<div class=\"frm_fields_container\">\n<input type=\"hidden\" name=\"frm_action\" value=\"create\" \/>\n<input type=\"hidden\" name=\"form_id\" value=\"13\" \/>\n<input type=\"hidden\" name=\"frm_hide_fields_13\" id=\"frm_hide_fields_13\" value=\"\" \/>\n<input type=\"hidden\" name=\"form_key\" value=\"contact2\" \/>\n<input type=\"hidden\" name=\"item_meta[0]\" value=\"\" \/>\n<input type=\"hidden\" id=\"frm_submit_entry_13\" name=\"frm_submit_entry_13\" value=\"e905d654ed\" \/><input type=\"hidden\" name=\"_wp_http_referer\" value=\"\/fr\/wp-json\/wp\/v2\/pages\/4016\" \/><div id=\"frm_field_99_container\" class=\"frm_form_field form-field  frm_required_field frm_top_container frm6 frm_first\">\r\n    <label for=\"field_ygdw92\" id=\"field_ygdw92_label\" class=\"frm_primary_label\">Nom d&rsquo;entreprise \r\n        <span class=\"frm_required\" aria-hidden=\"true\">*<\/span>\r\n    <\/label>\r\n    <input  type=\"text\" id=\"field_ygdw92\" name=\"item_meta[99]\" value=\"\"  placeholder=\"Nom d&#039;entreprise\" data-reqmsg=\"Dit veld mag niet leeg zijn.\" aria-required=\"true\" data-invmsg=\"Text is invalid\" aria-invalid=\"false\"   \/>\r\n    \r\n    \r\n<\/div>\n<div id=\"frm_field_100_container\" class=\"frm_form_field form-field  frm_required_field frm_top_container frm6\">\r\n    <label for=\"field_ckyuw2\" id=\"field_ckyuw2_label\" class=\"frm_primary_label\">Nom\r\n        <span class=\"frm_required\" aria-hidden=\"true\">*<\/span>\r\n    <\/label>\r\n    <input  type=\"text\" id=\"field_ckyuw2\" name=\"item_meta[100]\" value=\"\"  placeholder=\"Nom\" data-reqmsg=\"Nom cannot be blank.\" aria-required=\"true\" data-invmsg=\"Text is invalid\" aria-invalid=\"false\"   \/>\r\n    \r\n    \r\n<\/div>\n<div id=\"frm_field_101_container\" class=\"frm_form_field form-field  frm_required_field frm_top_container frm6 frm_first\">\r\n    <label for=\"field_m32xw2\" id=\"field_m32xw2_label\" class=\"frm_primary_label\">Adresse electronique\r\n        <span class=\"frm_required\" aria-hidden=\"true\">*<\/span>\r\n    <\/label>\r\n    <input type=\"email\" id=\"field_m32xw2\" name=\"item_meta[101]\" value=\"\"  placeholder=\"Adresse electronique\" data-reqmsg=\"Adresse electronique cannot be blank.\" aria-required=\"true\" data-invmsg=\"Email is invalid\" aria-invalid=\"false\"  \/>\r\n    \r\n    \r\n<\/div>\n<div id=\"frm_field_102_container\" class=\"frm_form_field form-field  frm_required_field frm_top_container frm6\">\r\n    <label for=\"field_tu3r12\" id=\"field_tu3r12_label\" class=\"frm_primary_label\">T\u00e9l\u00e9phone\r\n        <span class=\"frm_required\" aria-hidden=\"true\">*<\/span>\r\n    <\/label>\r\n    <input type=\"tel\" id=\"field_tu3r12\" name=\"item_meta[102]\" value=\"\"  placeholder=\"T\u00e9l\u00e9phone\" data-reqmsg=\"T\u00e9l\u00e9phone cannot be blank.\" aria-required=\"true\" data-invmsg=\"Phone is invalid\" aria-invalid=\"false\" pattern=\"((\\+\\d{1,3}(-|.| )?\\(?\\d\\)?(-| |.)?\\d{1,5})|(\\(?\\d{2,6}\\)?))(-|.| )?(\\d{3,4})(-|.| )?(\\d{4})(( x| ext)\\d{1,5}){0,1}$\"  \/>\r\n    \r\n    \r\n<\/div>\n<div id=\"frm_field_103_container\" class=\"frm_form_field form-field  frm_top_container\">\r\n    <label for=\"field_ikl9e2\" id=\"field_ikl9e2_label\" class=\"frm_primary_label\">Sujet\r\n        <span class=\"frm_required\" aria-hidden=\"true\"><\/span>\r\n    <\/label>\r\n    <input  type=\"text\" id=\"field_ikl9e2\" name=\"item_meta[103]\" value=\"\"  placeholder=\"Sujet\" data-invmsg=\"Text is invalid\" aria-invalid=\"false\"   \/>\r\n    \r\n    \r\n<\/div>\n<div id=\"frm_field_104_container\" class=\"frm_form_field form-field  frm_required_field frm_top_container\">\r\n    <label for=\"field_aw5dr2\" id=\"field_aw5dr2_label\" class=\"frm_primary_label\">Message\r\n        <span class=\"frm_required\" aria-hidden=\"true\">*<\/span>\r\n    <\/label>\r\n    <textarea name=\"item_meta[104]\" id=\"field_aw5dr2\" rows=\"5\"  placeholder=\"Message\" data-reqmsg=\"Dit veld mag niet leeg zijn.\" aria-required=\"true\" data-invmsg=\"Message is ongeldig\" aria-invalid=\"false\"  ><\/textarea>\r\n    \r\n    \r\n<\/div>\n<div id=\"frm_field_105_container\" class=\"frm_form_field form-field  frm_hidden_container vertical_radio\">\r\n    <div  id=\"field_b4o7v2_label\" class=\"frm_primary_label\">\r\n        <span class=\"frm_required\" aria-hidden=\"true\"><\/span>\r\n    <\/div>\r\n    <div class=\"frm_opt_container\" aria-labelledby=\"field_b4o7v2_label\" role=\"group\">\t\t<div class=\"frm_checkbox\" id=\"frm_checkbox_105-0\">\t\t\t<label  for=\"field_b4o7v2-0\">\n\t\t\t<input type=\"checkbox\" name=\"item_meta[105][]\" id=\"field_b4o7v2-0\" value=\"J&#039;accepte les conditions de &lt;a href=&quot;\/fr\/privacy-policy&quot;&quot; target=&quot;_blank&quot;&gt;conifdentialit\u00e9&lt;\/a&gt;\"  data-invmsg=\"Ce champ est non valide\"   \/> J&rsquo;accepte les conditions de <a>conifdentialit\u00e9<\/a><\/label><\/div>\n<\/div>\r\n    \r\n    \r\n<\/div>\n<div id=\"frm_field_106_container\" class=\"frm_form_field form-field \">\r\n\t<div class=\"frm_submit\">\r\n\r\n<button class=\"frm_button_submit frm_final_submit\" type=\"submit\"   formnovalidate=\"formnovalidate\">Envoyer<\/button>\r\n\r\n\r\n<\/div>\r\n<\/div>\n\t<input type=\"hidden\" name=\"item_key\" value=\"\" \/>\n\t\t\t<div id=\"frm_field_153_container\">\n\t\t\t<label for=\"field_3pr0t\" >\n\t\t\t\tSi vous \u00eates un humain, ne remplissez pas ce champ.\t\t\t<\/label>\n\t\t\t<input  id=\"field_3pr0t\" type=\"text\" class=\"frm_form_field form-field frm_verify\" name=\"item_meta[153]\" value=\"\"  \/>\n\t\t<\/div>\n\t\t<input name=\"frm_state\" type=\"hidden\" value=\"\/XjresHE3YLcVx3RXJ6awSKas2uQrGZ43QZJDWB\/sLj3g+0f7tUnv3N2wu73r6T\/\" \/><\/div>\n<\/fieldset>\n<\/div>\n\n<\/form>\n<\/div>\n        <\/div>\n                <!-- <script>\n            function onSubmit(token) {\n                document.getElementById(\"form\").submit();\n            }\n        <\/script> -->\n        <!-- <form action=\"#form-\" method=\"post\" id=\"form\">\n                                                <div>\n                <fieldset>\n                    <div class=\"form-element half\">\n                        <label for=\"company\" class=\"hide-label\">Bedrijfsnaam<\/label>\n                        <input type=\"text\" name=\"company\" id=\"company\" placeholder=\"Bedrijfsnaam\" value=\"\">\n                    <\/div>\n                    <div class=\"form-element half\">\n                        <label for=\"naam\" class=\"hide-label\">Naam *<\/label>\n                        <input type=\"text\" name=\"naam\" id=\"naam\" required placeholder=\"Naam *\" value=\"\">\n                    <\/div>\n                <\/fieldset>\n                <fieldset>\n                    <div class=\"form-element half\">\n                        <label for=\"mail\" class=\"hide-label\">E-mail *<\/label>\n                        <input type=\"email\" name=\"mail\" id=\"mail\" required placeholder=\"E-mail *\" value=\"\">\n                    <\/div>\n                    <div class=\"form-element half\">\n                        <label for=\"tel\" class=\"hide-label\">Telefoon *<\/label>\n                        <input type=\"text\" name=\"tel\" id=\"tel\" required placeholder=\"Telefoon *\" value=\"\">\n                    <\/div>\n                <\/fieldset>\n                <fieldset>\n                    <div class=\"form-element\">\n                        <label for=\"subject\" class=\"hide-label\">Onderwerp<\/label>\n                        <input type=\"text\" name=\"subject\" id=\"subject\" placeholder=\"Onderwerp\" value=\"\">\n                    <\/div>\n                <\/fieldset>\n                <fieldset>\n                    <div class=\"form-element\">\n                        <label for=\"message\" class=\"hide-label\">Bericht*<\/label>\n                        <textarea name=\"message\" id=\"message\" required placeholder=\"Bericht *\"><\/textarea>\n                    <\/div>\n                <\/fieldset>\n                <fieldset>\n                    <div class=\"form-element\">\n                        <label class=\"toestemming\">\n                            Ik verklaar dat ik de <a href=\"https:\/\/reyns-advocaten.be\/privacy-policy\/\">Privacy Policy<\/a>\n                            heb\n                            gelezen en goedgekeurd.\n                            <input type=\"checkbox\" name=\"toestemming\" value=\"1\" required=\"required\">\n                            <span class=\"checkmark\"><\/span>\n                        <\/label>\n                        <p class=\"small\">Bedrijf houdt zich er aan zorgvuldig om te springen met uw persoonlijke\n                            gegevens\n                            (conform de GDPR-wetgeving) en deze in geen geval te bezorgen aan derde partijen.<\/p>\n                    <\/div>\n                <\/fieldset>\n            <\/div>\n            <div class=\"button-container\">\n                <button type=\"submit\" name=\"button\" data-callback='onSubmit'>Verzenden<\/button>\n            <\/div>\n        <\/form> -->\n\n    <\/div>\n<\/div>\n\n\n<div class=\"wi-block-image-slider\" id=\"slider-91ba7de84702901d69c7\">\n            <div class=\"images-container\">\n                            <div class=\"image-container\">\n                    <a href=\"https:\/\/reyns-advocaten.be\/wp-content\/uploads\/2023\/09\/FotoHildeCollier-Bedrijfsfotografie-ReynsAdvocaten-191-compressed.jpg\" data-fancybox><img decoding=\"async\" src=\"https:\/\/reyns-advocaten.be\/wp-content\/uploads\/2023\/09\/FotoHildeCollier-Bedrijfsfotografie-ReynsAdvocaten-191-compressed.jpg\" alt=\"\"><\/a>\n                <\/div>\n                            <div class=\"image-container\">\n                    <a href=\"https:\/\/reyns-advocaten.be\/wp-content\/uploads\/2023\/09\/FotoHildeCollier-Bedrijfsfotografie-ReynsAdvocaten-214-compressed.jpg\" data-fancybox><img decoding=\"async\" src=\"https:\/\/reyns-advocaten.be\/wp-content\/uploads\/2023\/09\/FotoHildeCollier-Bedrijfsfotografie-ReynsAdvocaten-214-compressed.jpg\" alt=\"\"><\/a>\n                <\/div>\n                            <div class=\"image-container\">\n                    <a href=\"https:\/\/reyns-advocaten.be\/wp-content\/uploads\/2023\/10\/FotoHildeCollier-Bedrijfsfotografie-ReynsAdvocaten-7-2-min-scaled.jpg\" data-fancybox><img decoding=\"async\" src=\"https:\/\/reyns-advocaten.be\/wp-content\/uploads\/2023\/10\/FotoHildeCollier-Bedrijfsfotografie-ReynsAdvocaten-7-2-min-scaled.jpg\" alt=\"\"><\/a>\n                <\/div>\n                            <div class=\"image-container\">\n                    <a href=\"https:\/\/reyns-advocaten.be\/wp-content\/uploads\/2023\/10\/FotoHildeCollier-Bedrijfsfotografie-ReynsAdvocaten-103-2-min-scaled.jpg\" data-fancybox><img decoding=\"async\" src=\"https:\/\/reyns-advocaten.be\/wp-content\/uploads\/2023\/10\/FotoHildeCollier-Bedrijfsfotografie-ReynsAdvocaten-103-2-min-scaled.jpg\" alt=\"\"><\/a>\n                <\/div>\n                    <\/div>\n\t\t<div class=\"slider-navigation\"><\/div>\n    <\/div>\n\n\n    <script>\n        window.onload = function() {\n            jQuery(document).ready(function() {\n\n                $('#slider-91ba7de84702901d69c7 .images-container').slick({\n                    infinite: true,\n                    slidesToShow: 4,\n                    slidesToScroll: 4,\n                    arrows: true,\n\t\t\t\t\tappendArrows: '.slider-navigation',\n                    responsive: [{\n                            breakpoint: 1350,\n                            settings: {\n                                slidesToShow: 3,\n                                slidesToScroll: 3,\n                            }\n                        },\n                        {\n                            breakpoint: 1000,\n                            settings: {\n                                slidesToShow: 2,\n                                slidesToScroll: 2\n                            }\n                        },\n                        {\n                            breakpoint: 600,\n                            settings: {\n                                slidesToShow: 1,\n                                slidesToScroll: 1\n                            }\n                        }\n                    ]\n                });\n\n            });\n        };\n    <\/script>\n\n\n\n\n<div style=\"height:150px\" aria-hidden=\"true\" class=\"wp-block-spacer\"><\/div>\n","protected":false},"excerpt":{"rendered":"","protected":false},"author":3,"featured_media":3630,"parent":0,"menu_order":0,"comment_status":"closed","ping_status":"closed","template":"template_contact.php","meta":{"_acf_changed":false,"om_disable_all_campaigns":false,"_monsterinsights_skip_tracking":false,"_monsterinsights_sitenote_active":false,"_monsterinsights_sitenote_note":"","_monsterinsights_sitenote_category":0,"footnotes":""},"class_list":["post-4016","page","type-page","status-publish","has-post-thumbnail","hentry"],"pp_statuses_selecting_workflow":false,"pp_workflow_action":"current","pp_status_selection":"publish","acf":[],"aioseo_notices":[],"_links":{"self":[{"href":"https:\/\/reyns-advocaten.be\/fr\/wp-json\/wp\/v2\/pages\/4016","targetHints":{"allow":["GET"]}}],"collection":[{"href":"https:\/\/reyns-advocaten.be\/fr\/wp-json\/wp\/v2\/pages"}],"about":[{"href":"https:\/\/reyns-advocaten.be\/fr\/wp-json\/wp\/v2\/types\/page"}],"author":[{"embeddable":true,"href":"https:\/\/reyns-advocaten.be\/fr\/wp-json\/wp\/v2\/users\/3"}],"replies":[{"embeddable":true,"href":"https:\/\/reyns-advocaten.be\/fr\/wp-json\/wp\/v2\/comments?post=4016"}],"version-history":[{"count":0,"href":"https:\/\/reyns-advocaten.be\/fr\/wp-json\/wp\/v2\/pages\/4016\/revisions"}],"wp:featuredmedia":[{"embeddable":true,"href":"https:\/\/reyns-advocaten.be\/fr\/wp-json\/wp\/v2\/media\/3630"}],"wp:attachment":[{"href":"https:\/\/reyns-advocaten.be\/fr\/wp-json\/wp\/v2\/media?parent=4016"}],"curies":[{"name":"wp","href":"https:\/\/api.w.org\/{rel}","templated":true}]}}