{"id":4022,"date":"2023-08-16T10:56:24","date_gmt":"2023-08-16T08:56:24","guid":{"rendered":"https:\/\/reyns-advocaten.be\/?page_id=4022"},"modified":"2024-07-11T09:37:45","modified_gmt":"2024-07-11T07:37:45","slug":"dutch-desk","status":"publish","type":"page","link":"https:\/\/reyns-advocaten.be\/fr\/dutch-desk\/","title":{"rendered":"Dutch Desk"},"content":{"rendered":"\n<div style=\"height:40px\" aria-hidden=\"true\" class=\"wp-block-spacer\"><\/div>\n\n\n<div class=\"wi-block-header\">\n    <div class=\"left\">\n        <div class=\"image-container\">\n            <img decoding=\"async\" src=\"https:\/\/reyns-advocaten.be\/wp-content\/uploads\/2023\/10\/FotoHildeCollier-Bedrijfsfotografie-ReynsAdvocaten-35-2-min-1500x1000.jpg\" alt=\"Dutch Desk\">\n        <\/div>\n    <\/div>\n    <div class=\"right\">\n        <div class=\"content\">\n                        <h2>Dutch Desk<\/h2>\n<p>Gr\u00e2ce \u00e0 la collaboration strat\u00e9gique entre Reyns Advocaten et <a href=\"https:\/\/www.trc-advocaten.nl\/\">TRC Advocaten<\/a>, un cabinet d&rsquo;avocats situ\u00e9 aux Pays-Bas (\u00e0 proximit\u00e9 de la fronti\u00e8re avec la Belgique), nous sommes en mesure de servir les clients belges et n\u00e9erlandais qui exercent (r\u00e9guli\u00e8rement) leurs activit\u00e9s au-del\u00e0 des fronti\u00e8res nationales, et\/ou sont confront\u00e9s \u00e0 un litige transfrontalier ponctuel.<\/p>\n<p>Pour toute entreprise engageant des activit\u00e9s transfrontali\u00e8res, nous proposons des conseils juridiques visant \u00e0 faciliter les d\u00e9marches.<\/p>\n        <\/div>\n                    <div class=\"buttons-container\">\n                                    <a href=\"#rechtsgebieden\" class=\"dark\">DOMAINES JURIDIQUES<\/a>\n                                    <a href=\"https:\/\/reyns-advocaten.be\/fr\/contact\/\" class=\"light\">BESOIN D&rsquo;AIDE<\/a>\n                            <\/div>\n            <\/div>\n<\/div>\n\n\n\n<div style=\"height:150px\" aria-hidden=\"true\" class=\"wp-block-spacer\"><\/div>\n\n\n\n<div class=\"wp-block-columns small-container is-layout-flex wp-container-core-columns-is-layout-9d6595d7 wp-block-columns-is-layout-flex\">\n<div class=\"wp-block-column is-layout-flow wp-block-column-is-layout-flow\">\n<h3 class=\"wp-block-heading\" style=\"text-transform:uppercase\">PETITES DIFF\u00c9RENCES, GRANDS ENJEUX<\/h3>\n\n\n\n<p>Le Dutch Desk de Reyns Advocaten a \u00e9t\u00e9 sp\u00e9cialement d\u00e9velopp\u00e9 pour guider les justiciables \u00e0 travers le d\u00e9dale juridique in\u00e9vitablement li\u00e9 aux transactions internationales, aux litiges et aux questions de fiscalit\u00e9.<\/p>\n\n\n\n<p>Bien que les diff\u00e9rences entre les deux pays, la Belgique et les Pays-Bas, puissent para\u00eetre n\u00e9gligeables de prime abord, leurs syst\u00e8mes juridiques et usages diff\u00e8rent grandement dans la pratique. Un conseil avis\u00e9 tenant compte de ces diff\u00e9rences est absolument indispensable pour entreprendre en toute s\u00e9r\u00e9nit\u00e9.<\/p>\n\n\n\n<p>En partageant nos connaissances et notre exp\u00e9rience, tant nationales qu&rsquo;internationales, nous sommes en mesure de vous fournir des conseils et un soutien optimaux dans toutes vos affaires juridiques.<\/p>\n<\/div>\n<\/div>\n\n\n\n<div style=\"height:117px\" aria-hidden=\"true\" class=\"wp-block-spacer\"><\/div>\n\n\n\n<blockquote class=\"wp-block-quote has-text-align-center is-layout-flow wp-block-quote-is-layout-flow\">\n<p class=\"has-text-align-center\">\u00ab&nbsp;La croissance et la confiance, tant au niveau national qu&rsquo;international, font partie de notre ADN. Dans cette perspective, nous privil\u00e9gions les strat\u00e9gies \u00e0 long terme et les collaborations proactives, une philosophie que nous d\u00e9ployons de mani\u00e8re constante dans notre approche. Nous partageons cette vision depuis maintenant 5 ans d\u00e9j\u00e0 avec nos partenaires TRC et Reyns Advocaten.&nbsp;\u00bb<\/p>\n<cite><img decoding=\"async\" width=\"150\" height=\"150\" class=\"wp-image-1275\" style=\"width: 150px;\" src=\"https:\/\/reyns-advocaten.be\/wp-content\/uploads\/2023\/09\/logo_auto1group.png\" alt=\"\" srcset=\"https:\/\/reyns-advocaten.be\/wp-content\/uploads\/2023\/09\/logo_auto1group.png 284w, https:\/\/reyns-advocaten.be\/wp-content\/uploads\/2023\/09\/logo_auto1group-150x150.png 150w\" sizes=\"(max-width: 150px) 100vw, 150px\" \/><\/cite><\/blockquote>\n\n\n\n<div style=\"height:117px\" aria-hidden=\"true\" class=\"wp-block-spacer\"><\/div>\n\n\n\n<div class=\"wp-block-columns has-base-background-background-color has-background is-layout-flex wp-container-core-columns-is-layout-9d6595d7 wp-block-columns-is-layout-flex\">\n<div class=\"wp-block-column is-layout-flow wp-block-column-is-layout-flow\">\n<div style=\"height:100px\" aria-hidden=\"true\" class=\"wp-block-spacer\"><\/div>\n\n\n\n<div class=\"wp-block-columns medium-container is-layout-flex wp-container-core-columns-is-layout-9d6595d7 wp-block-columns-is-layout-flex\">\n<div class=\"wp-block-column is-layout-flow wp-block-column-is-layout-flow\" style=\"flex-basis:30%\">\n<h2 class=\"wp-block-heading\">Domaines juridiques<\/h2>\n<\/div>\n\n\n\n<div class=\"wp-block-column is-layout-flow wp-block-column-is-layout-flow\" style=\"flex-basis:70%\" id=\"-rechtsgebieden\">\n<p id=\"rechtsgebieden\">Nous sommes votre partenaire pour pratiquement toutes les questions juridiques. Notre collaboration assure une prestation de services compl\u00e8te. Nous aspirons \u00e0 devenir votre conseiller de confiance, afin d&rsquo;\u00e9tablir une relation durable.<\/p>\n\n\n\n<p>Vous pouvez contacter le Dutch Desk pour vos questions juridiques dans les domaines suivants&nbsp;:<\/p>\n\n\n\n<ul class=\"wp-block-list\">\n<li>Entrepreneuriat<\/li>\n\n\n\n<li>Fiscalit\u00e9<\/li>\n\n\n\n<li>Droit des saisies et du contentieux<\/li>\n\n\n\n<li>Insolvabilit\u00e9 (r\u00e9organisation et faillite)<\/li>\n\n\n\n<li>PI\/TIC\/RGPD<\/li>\n\n\n\n<li>Immobilier<\/li>\n\n\n\n<li>Int\u00e9r\u00eats familiaux (divorce, droit des r\u00e9gimes matrimoniaux, &#8230;)<\/li>\n\n\n\n<li>Droit du travail<\/li>\n\n\n\n<li>Droit p\u00e9nal et responsabilit\u00e9s<\/li>\n<\/ul>\n\n\n\n<p>Qu&rsquo;il s&rsquo;agisse d&rsquo;une question de droit fiscal ou commercial, d&rsquo;une fusion transfrontali\u00e8re ou d&rsquo;une proc\u00e9dure de faillite, nous serons ravis de vous apporter notre aide.<\/p>\n<\/div>\n<\/div>\n\n\n\n<div style=\"height:100px\" aria-hidden=\"true\" class=\"wp-block-spacer\"><\/div>\n<\/div>\n<\/div>\n\n\n\n<div class=\"wp-block-columns has-base-background-background-color has-background is-layout-flex wp-container-core-columns-is-layout-9d6595d7 wp-block-columns-is-layout-flex\">\n<div class=\"wp-block-column is-layout-flow wp-block-column-is-layout-flow\">\n<div style=\"height:78px\" aria-hidden=\"true\" class=\"wp-block-spacer\"><\/div>\n\n\n\n<div class=\"wp-block-columns big-container is-layout-flex wp-container-core-columns-is-layout-9d6595d7 wp-block-columns-is-layout-flex\">\n<div class=\"wp-block-column is-layout-flow wp-block-column-is-layout-flow\" style=\"flex-basis:35%\">\n<h3 class=\"wp-block-heading\">\u00c0 qui s&rsquo;adresse le Dutch Desk&nbsp;?<\/h3>\n\n\n\n<p>Nous assistons toute entreprise op\u00e9rant au-del\u00e0 de la fronti\u00e8re belge ou n\u00e9erlandaise et confront\u00e9e \u00e0 des d\u00e9fis juridiques. De mani\u00e8re efficace et cibl\u00e9e. Pragmatique et rapide. Et toujours dans un langage clair&nbsp;! Conform\u00e9ment \u00e0 notre ADN, et ind\u00e9pendamment du secteur et de la taille.<\/p>\n<\/div>\n\n\n\n<div class=\"wp-block-column is-layout-flow wp-block-column-is-layout-flow\" style=\"flex-basis:30%\">\n<h3 class=\"wp-block-heading\">Avantages Dutch Desk<\/h3>\n\n\n\n<ul class=\"wp-block-list\">\n<li>Un seul point de contact pour l&rsquo;ensemble de vos affaires<\/li>\n\n\n\n<li>Une attention sp\u00e9cifique au droit n\u00e9erlandais et belge<\/li>\n\n\n\n<li>Le respect d&rsquo;un m\u00eame ADN et d&rsquo;un m\u00eame niveau de service<\/li>\n\n\n\n<li>Des avocats exp\u00e9riment\u00e9s<\/li>\n<\/ul>\n<\/div>\n\n\n\n<div class=\"wp-block-column is-layout-flow wp-block-column-is-layout-flow\" style=\"flex-basis:35%\">\n<h3 class=\"wp-block-heading\">L&rsquo;\u00e9change intensif de connaissances constitue la base<\/h3>\n\n\n\n<p>Nous entretenons des contacts \u00e9troits avec les sp\u00e9cialistes de TRC Advocaten. Nous \u00e9changeons nos savoirs en organisant des sessions de formation \u00ab&nbsp;internes&nbsp;\u00bb. Nous nous rendons \u00e9galement r\u00e9guli\u00e8rement visite, tant de mani\u00e8re formelle qu&rsquo;informelle, et organisons ensemble des ateliers et s\u00e9minaires destin\u00e9s \u00e0 nos clients.<\/p>\n<\/div>\n<\/div>\n\n\n\n<div style=\"height:100px\" aria-hidden=\"true\" class=\"wp-block-spacer\"><\/div>\n<\/div>\n<\/div>\n\n\n\n<div style=\"height:150px\" aria-hidden=\"true\" class=\"wp-block-spacer\"><\/div>\n\n\n\n<div class=\"wp-block-media-text has-media-on-the-right is-stacked-on-mobile large-content\" style=\"grid-template-columns:auto 70%\"><div class=\"wp-block-media-text__content\">\n<h2 class=\"wp-block-heading\">Personnes de contact du Dutch Desk<\/h2>\n\n\n\n<p>Nos avocats poss\u00e8dent une exp\u00e9rience approfondie dans la gestion de probl\u00e9matiques transfrontali\u00e8res et interviennent r\u00e9guli\u00e8rement pour le compte d\u2019organisations n\u00e9erlandaises et belges. Vous pouvez compter sur des sp\u00e9cialistes entreprenants et pers\u00e9v\u00e9rants, affichant une pr\u00e9dilection pour le travail au-del\u00e0 des fronti\u00e8res nationales.<\/p>\n\n\n\n<p>Vous pouvez contacter le cabinet par e-mail ou par t\u00e9l\u00e9phone&nbsp;:<\/p>\n\n\n\n<p><a href=\"mailto:info@reyns-advocaten.com\"><strong>info@reyns-advocaten.com<\/strong><\/a><br><a href=\"tel:+037509450\"><strong>03\/750.94.50<\/strong><\/a><\/p>\n\n\n\n<p>N&rsquo;h\u00e9sitez pas non plus \u00e0 nous suivre sur les r\u00e9seaux sociaux&nbsp;:<\/p>\n\n\n<div class=\"social-links-block\">    <a href=\"https:\/\/www.linkedin.com\/company\/10450094\" target=\"_blank\"><i class=\"fa fa-linkedin\" aria-hidden=\"true\"><\/i><\/a>\n    <a href=\"https:\/\/www.instagram.com\/reyns_advocaten\/\" target=\"_blank\"><i class=\"fa fa-instagram\" aria-hidden=\"true\"><\/i><\/a>\n    <a href=\"https:\/\/www.facebook.com\/reynsadvocaten\" target=\"_blank\"><i class=\"fa fa-facebook\" aria-hidden=\"true\"><\/i><\/a>\n<\/div><\/div><figure class=\"wp-block-media-text__media\"><img fetchpriority=\"high\" decoding=\"async\" width=\"1500\" height=\"1000\" src=\"https:\/\/reyns-advocaten.be\/wp-content\/uploads\/2023\/10\/FotoHildeCollier-Bedrijfsfotografie-ReynsAdvocaten-35-2-min-1500x1000.jpg\" alt=\"\" class=\"wp-image-1839 size-full\" srcset=\"https:\/\/reyns-advocaten.be\/wp-content\/uploads\/2023\/10\/FotoHildeCollier-Bedrijfsfotografie-ReynsAdvocaten-35-2-min-1500x1000.jpg 1500w, https:\/\/reyns-advocaten.be\/wp-content\/uploads\/2023\/10\/FotoHildeCollier-Bedrijfsfotografie-ReynsAdvocaten-35-2-min-300x200.jpg 300w, https:\/\/reyns-advocaten.be\/wp-content\/uploads\/2023\/10\/FotoHildeCollier-Bedrijfsfotografie-ReynsAdvocaten-35-2-min-768x512.jpg 768w, https:\/\/reyns-advocaten.be\/wp-content\/uploads\/2023\/10\/FotoHildeCollier-Bedrijfsfotografie-ReynsAdvocaten-35-2-min-1536x1024.jpg 1536w\" sizes=\"(max-width: 1500px) 100vw, 1500px\" \/><\/figure><\/div>\n\n\n\n<div style=\"height:100px\" aria-hidden=\"true\" class=\"wp-block-spacer\"><\/div>\n\n\n<div class=\"wi-block-contact-form\">\n    <div class=\"content-wrapper\">\n        <div class=\"form-content\">\n            <div class=\"left\">\n                <h2>Besoin d&rsquo;aide rapidement?<\/h2>\n            <\/div>\n            <div class=\"right\">\n                <p>Posez votre question \u00e0 nos sp\u00e9cialistes des questions transfrontali\u00e8res ici.<\/p>\n            <\/div>\n        <\/div>\n                <div class=\"form-container\">\n            <div class=\"frm_forms  with_frm_style frm_style_formidable-style\" id=\"frm_form_15_container\" data-token=\"3c4b2dc0e27627a1d9c43ed757072d71\">\n<form enctype=\"multipart\/form-data\" method=\"post\" class=\"frm-show-form  frm_pro_form \" id=\"form_dutchdesk2\" data-token=\"3c4b2dc0e27627a1d9c43ed757072d71\">\n<div class=\"frm_form_fields \">\n<fieldset>\n<legend class=\"frm_screen_reader\">Dutch Desk fr<\/legend>\r\n\r\n<div class=\"frm_fields_container\">\n<input type=\"hidden\" name=\"frm_action\" value=\"create\" \/>\n<input type=\"hidden\" name=\"form_id\" value=\"15\" \/>\n<input type=\"hidden\" name=\"frm_hide_fields_15\" id=\"frm_hide_fields_15\" value=\"\" \/>\n<input type=\"hidden\" name=\"form_key\" value=\"dutchdesk2\" \/>\n<input type=\"hidden\" name=\"item_meta[0]\" value=\"\" \/>\n<input type=\"hidden\" id=\"frm_submit_entry_15\" name=\"frm_submit_entry_15\" value=\"f5a0d3ce0e\" \/><input type=\"hidden\" name=\"_wp_http_referer\" value=\"\/fr\/wp-json\/wp\/v2\/pages\/4022\" \/><div id=\"frm_field_115_container\" class=\"frm_form_field form-field  frm_required_field frm_top_container\">\r\n    <label for=\"field_f84ky2\" id=\"field_f84ky2_label\" class=\"frm_primary_label\">Nom de l&rsquo;entreprise\r\n        <span class=\"frm_required\" aria-hidden=\"true\">*<\/span>\r\n    <\/label>\r\n    <input  type=\"text\" id=\"field_f84ky2\" name=\"item_meta[115]\" value=\"\"  placeholder=\"Nom de l&#039;entreprise\" data-reqmsg=\"Nom de l&#039;entreprise cannot be blank.\" aria-required=\"true\" data-invmsg=\"Text is invalid\" aria-invalid=\"false\"   \/>\r\n    \r\n    \r\n<\/div>\n<div id=\"frm_field_116_container\" class=\"frm_form_field form-field  frm_required_field frm_top_container frm6 frm_first\">\r\n    <label for=\"field_tav4y2\" id=\"field_tav4y2_label\" class=\"frm_primary_label\">Pr\u00e9nom et Nom de famille\r\n        <span class=\"frm_required\" aria-hidden=\"true\">*<\/span>\r\n    <\/label>\r\n    <input  type=\"text\" id=\"field_tav4y2\" name=\"item_meta[116]\" value=\"\"  placeholder=\"Pr\u00e9nom et Nom de famille\" data-reqmsg=\"Pr\u00e9nom et Nom de famille cannot be blank.\" aria-required=\"true\" data-invmsg=\"Text is invalid\" aria-invalid=\"false\"   \/>\r\n    \r\n    \r\n<\/div>\n<div id=\"frm_field_117_container\" class=\"frm_form_field form-field  frm_required_field frm_top_container frm6\">\r\n    <label for=\"field_46em02\" id=\"field_46em02_label\" class=\"frm_primary_label\">Email\r\n        <span class=\"frm_required\" aria-hidden=\"true\">*<\/span>\r\n    <\/label>\r\n    <input  type=\"text\" id=\"field_46em02\" name=\"item_meta[117]\" value=\"\"  placeholder=\"Email\" data-reqmsg=\"Email cannot be blank.\" aria-required=\"true\" data-invmsg=\"Text is invalid\" aria-invalid=\"false\"   \/>\r\n    \r\n    \r\n<\/div>\n<div id=\"frm_field_118_container\" class=\"frm_form_field form-field  frm_required_field frm_top_container\">\r\n    <label for=\"field_bo02d2\" id=\"field_bo02d2_label\" class=\"frm_primary_label\">Votre question\r\n        <span class=\"frm_required\" aria-hidden=\"true\">*<\/span>\r\n    <\/label>\r\n    <textarea name=\"item_meta[118]\" id=\"field_bo02d2\" rows=\"5\"  placeholder=\"Votre question\" data-reqmsg=\"Votre question cannot be blank.\" aria-required=\"true\" data-invmsg=\"Votre question is ongeldig\" aria-invalid=\"false\"  ><\/textarea>\r\n    \r\n    \r\n<\/div>\n<div id=\"frm_field_119_container\" class=\"frm_form_field form-field  frm_hidden_container vertical_radio\">\r\n    <div  id=\"field_3iqdm2_label\" class=\"frm_primary_label\">privacy policy \r\n        <span class=\"frm_required\" aria-hidden=\"true\"><\/span>\r\n    <\/div>\r\n    <div class=\"frm_opt_container\" aria-labelledby=\"field_3iqdm2_label\" role=\"group\">\t\t<div class=\"frm_checkbox\" id=\"frm_checkbox_119-0\">\t\t\t<label  for=\"field_3iqdm2-0\">\n\t\t\t<input type=\"checkbox\" name=\"item_meta[119][]\" id=\"field_3iqdm2-0\" value=\"J&#039;accepte les &lt;a href=&quot;\/fr\/privacy-policy&quot;&quot; target=&quot;_blank&quot;&gt;conditions de confidentialite&lt;\/a&gt;\"  data-invmsg=\"privacy policy  est non valide\"   \/> J&rsquo;accepte les <a>conditions de confidentialite<\/a><\/label><\/div>\n<\/div>\r\n    \r\n    \r\n<\/div>\n<div id=\"frm_field_120_container\" class=\"frm_form_field form-field \">\r\n\t<div class=\"frm_submit\">\r\n\r\n<button class=\"frm_button_submit frm_final_submit\" type=\"submit\"  >Envoyer<\/button>\r\n\r\n\r\n<\/div>\r\n<\/div>\n\t<input type=\"hidden\" name=\"item_key\" value=\"\" \/>\n\t\t\t<div id=\"frm_field_153_container\">\n\t\t\t<label for=\"field_211dw\" >\n\t\t\t\tSi vous \u00eates un humain, ne remplissez pas ce champ.\t\t\t<\/label>\n\t\t\t<input  id=\"field_211dw\" type=\"text\" class=\"frm_form_field form-field frm_verify\" name=\"item_meta[153]\" value=\"\"  \/>\n\t\t<\/div>\n\t\t<input name=\"frm_state\" type=\"hidden\" value=\"\/XjresHE3YLcVx3RXJ6awWg4ipJSVG1m8Fk1q50N1hn3g+0f7tUnv3N2wu73r6T\/\" \/><\/div>\n<\/fieldset>\n<\/div>\n\n<\/form>\n<\/div>\n        <\/div>\n                <!-- <script>\n            function onSubmit(token) {\n                document.getElementById(\"form\").submit();\n            }\n        <\/script> -->\n        <!-- <form action=\"#form-\" method=\"post\" id=\"form\">\n                                                <div>\n                <fieldset>\n                    <div class=\"form-element half\">\n                        <label for=\"company\" class=\"hide-label\">Bedrijfsnaam<\/label>\n                        <input type=\"text\" name=\"company\" id=\"company\" placeholder=\"Bedrijfsnaam\" value=\"\">\n                    <\/div>\n                    <div class=\"form-element half\">\n                        <label for=\"naam\" class=\"hide-label\">Naam *<\/label>\n                        <input type=\"text\" name=\"naam\" id=\"naam\" required placeholder=\"Naam *\" value=\"\">\n                    <\/div>\n                <\/fieldset>\n                <fieldset>\n                    <div class=\"form-element half\">\n                        <label for=\"mail\" class=\"hide-label\">E-mail *<\/label>\n                        <input type=\"email\" name=\"mail\" id=\"mail\" required placeholder=\"E-mail *\" value=\"\">\n                    <\/div>\n                    <div class=\"form-element half\">\n                        <label for=\"tel\" class=\"hide-label\">Telefoon *<\/label>\n                        <input type=\"text\" name=\"tel\" id=\"tel\" required placeholder=\"Telefoon *\" value=\"\">\n                    <\/div>\n                <\/fieldset>\n                <fieldset>\n                    <div class=\"form-element\">\n                        <label for=\"subject\" class=\"hide-label\">Onderwerp<\/label>\n                        <input type=\"text\" name=\"subject\" id=\"subject\" placeholder=\"Onderwerp\" value=\"\">\n                    <\/div>\n                <\/fieldset>\n                <fieldset>\n                    <div class=\"form-element\">\n                        <label for=\"message\" class=\"hide-label\">Bericht*<\/label>\n                        <textarea name=\"message\" id=\"message\" required placeholder=\"Bericht *\"><\/textarea>\n                    <\/div>\n                <\/fieldset>\n                <fieldset>\n                    <div class=\"form-element\">\n                        <label class=\"toestemming\">\n                            Ik verklaar dat ik de <a href=\"https:\/\/reyns-advocaten.be\/privacy-policy\/\">Privacy Policy<\/a>\n                            heb\n                            gelezen en goedgekeurd.\n                            <input type=\"checkbox\" name=\"toestemming\" value=\"1\" required=\"required\">\n                            <span class=\"checkmark\"><\/span>\n                        <\/label>\n                        <p class=\"small\">Bedrijf houdt zich er aan zorgvuldig om te springen met uw persoonlijke\n                            gegevens\n                            (conform de GDPR-wetgeving) en deze in geen geval te bezorgen aan derde partijen.<\/p>\n                    <\/div>\n                <\/fieldset>\n            <\/div>\n            <div class=\"button-container\">\n                <button type=\"submit\" name=\"button\" data-callback='onSubmit'>Verzenden<\/button>\n            <\/div>\n        <\/form> -->\n\n    <\/div>\n<\/div>\n\n\n\n<div style=\"height:120px\" aria-hidden=\"true\" class=\"wp-block-spacer\"><\/div>\n","protected":false},"excerpt":{"rendered":"<p>PETITES DIFF\u00c9RENCES, GRANDS ENJEUX Le Dutch Desk de Reyns Advocaten a \u00e9t\u00e9 sp\u00e9cialement d\u00e9velopp\u00e9 pour guider les justiciables \u00e0 travers le d\u00e9dale juridique in\u00e9vitablement li\u00e9 aux transactions internationales, aux litiges et aux questions de fiscalit\u00e9. Bien que les diff\u00e9rences entre les deux pays, la Belgique et les Pays-Bas, puissent para\u00eetre n\u00e9gligeables de prime abord, leurs [&hellip;]<\/p>\n","protected":false},"author":3,"featured_media":3638,"parent":0,"menu_order":0,"comment_status":"closed","ping_status":"closed","template":"elementor_header_footer","meta":{"_acf_changed":false,"om_disable_all_campaigns":false,"_monsterinsights_skip_tracking":false,"_monsterinsights_sitenote_active":false,"_monsterinsights_sitenote_note":"","_monsterinsights_sitenote_category":0,"footnotes":""},"class_list":["post-4022","page","type-page","status-publish","has-post-thumbnail","hentry"],"pp_statuses_selecting_workflow":false,"pp_workflow_action":"current","pp_status_selection":"publish","acf":[],"aioseo_notices":[],"_links":{"self":[{"href":"https:\/\/reyns-advocaten.be\/fr\/wp-json\/wp\/v2\/pages\/4022","targetHints":{"allow":["GET"]}}],"collection":[{"href":"https:\/\/reyns-advocaten.be\/fr\/wp-json\/wp\/v2\/pages"}],"about":[{"href":"https:\/\/reyns-advocaten.be\/fr\/wp-json\/wp\/v2\/types\/page"}],"author":[{"embeddable":true,"href":"https:\/\/reyns-advocaten.be\/fr\/wp-json\/wp\/v2\/users\/3"}],"replies":[{"embeddable":true,"href":"https:\/\/reyns-advocaten.be\/fr\/wp-json\/wp\/v2\/comments?post=4022"}],"version-history":[{"count":0,"href":"https:\/\/reyns-advocaten.be\/fr\/wp-json\/wp\/v2\/pages\/4022\/revisions"}],"wp:featuredmedia":[{"embeddable":true,"href":"https:\/\/reyns-advocaten.be\/fr\/wp-json\/wp\/v2\/media\/3638"}],"wp:attachment":[{"href":"https:\/\/reyns-advocaten.be\/fr\/wp-json\/wp\/v2\/media?parent=4022"}],"curies":[{"name":"wp","href":"https:\/\/api.w.org\/{rel}","templated":true}]}}