{"id":6175,"date":"2025-02-18T19:20:05","date_gmt":"2025-02-18T18:20:05","guid":{"rendered":"https:\/\/reyns-advocaten.be\/?page_id=6175&#038;preview_id=6175"},"modified":"2025-02-18T19:26:47","modified_gmt":"2025-02-18T18:26:47","slug":"reyns-advocats-a-anvers-et-dans-le-waasland","status":"publish","type":"page","link":"https:\/\/reyns-advocaten.be\/fr\/","title":{"rendered":"Reyns Advocats \u00e0 Anvers et dans le Waasland"},"content":{"rendered":"<div class=\"wi-block-video-header\">\n    <div class=\"block-container\">\n                    <div class=\"image-container\">\n                <img decoding=\"async\" src=\"https:\/\/reyns-advocaten.be\/wp-content\/uploads\/2023\/12\/Reyns-Advocaten-Kantoor--1500x1082.jpeg\" alt=\"\">\n            <\/div>\n                <a href=\"#intro\" id=\"scroll-to-next\"><img decoding=\"async\" src=\"https:\/\/reyns-advocaten.be\/wp-content\/themes\/webitx\/images\/icon-arrow.svg\" alt=\"Arrow Icon\"><\/a>\n    <\/div>\n<\/div>\n\n<div class=\"wp-block-columns has-base-background-background-color has-background is-layout-flex wp-container-core-columns-is-layout-9d6595d7 wp-block-columns-is-layout-flex\" id=\"intro\">\n<div class=\"wp-block-column is-layout-flow wp-block-column-is-layout-flow\">\n<div style=\"height:120px\" aria-hidden=\"true\" class=\"wp-block-spacer\"><\/div>\n\n\n\n<div class=\"wp-block-columns are-vertically-aligned-center is-layout-flex wp-container-core-columns-is-layout-9d6595d7 wp-block-columns-is-layout-flex\">\n<div class=\"wp-block-column is-vertically-aligned-center is-layout-flow wp-block-column-is-layout-flow\" style=\"flex-basis:60%\">\n<h2 class=\"wp-block-heading\">Doeltreffend en doelgericht<\/h2>\n\n\n\n<p>Wij bieden expertise aan in verschillende praktijkgebieden ter ondersteuning van (internationale) ondernemingen, investeerders, aandeelhouders en overheidsinstellingen. Wij staan ook ter beschikking voor particulieren die gespecialiseerde bijstand wensen in onze expertisedomeinen.<\/p>\n\n\n\n<p>Wij streven naar een no-nonsense en pragmatische aanpak enerzijds, evenals naar een doorgedreven professionaliteit en expertise anderzijds. Wij hechten veel belang aan een stipte opvolging, dit alles \u201cverpakt\u201d in een heldere en proactieve communicatie. Dankzij respect voor dit DNA, evenals onze ruime praktijkervaring en passie voor het recht bieden wij een doelgerichte en doeltreffende bijstand aan.<\/p>\n\n\n\n<div style=\"height:20px\" aria-hidden=\"true\" class=\"wp-block-spacer\"><\/div>\n\n\n\n<div class=\"wp-block-buttons is-layout-flex wp-block-buttons-is-layout-flex\">\n<div class=\"wp-block-button\"><a class=\"wp-block-button__link wp-element-button\" href=\"https:\/\/reyns-advocaten.be\/fr\/expertises-fr\/\">Expertises<\/a><\/div>\n\n\n\n<div class=\"wp-block-button is-style-outline is-style-outline--1\"><a class=\"wp-block-button__link wp-element-button\" href=\"https:\/\/reyns-advocaten.be\/fr\/a-propos-de-reyns\/\">Over Reyns<\/a><\/div>\n<\/div>\n<\/div>\n\n\n\n<div class=\"wp-block-column is-vertically-aligned-center is-layout-flow wp-block-column-is-layout-flow\" style=\"flex-basis:40%\"><div class=\"wi-block-usp\">\n            <div class=\"usp-container\">\n                            <div class=\"usp\">\n                    <div class=\"content\">\n                        <p>Gedreven &#038; persoonlijk<\/p>\n                    <\/div>\n                <\/div>\n                            <div class=\"usp\">\n                    <div class=\"content\">\n                        <p>Gespecialiseerd &#038; snel<\/p>\n                    <\/div>\n                <\/div>\n                            <div class=\"usp\">\n                    <div class=\"content\">\n                        <p>Pragmatisch &#038; helder in communicatie<\/p>\n                    <\/div>\n                <\/div>\n                    <\/div>\n    <\/div>\n<\/div>\n<\/div>\n\n\n\n<div style=\"height:120px\" aria-hidden=\"true\" class=\"wp-block-spacer\"><\/div>\n<\/div>\n<\/div>\n\n<div style=\"height:120px\" aria-hidden=\"true\" class=\"wp-block-spacer\"><\/div>\n\n<div class=\"wp-block-columns big-container is-layout-flex wp-container-core-columns-is-layout-9d6595d7 wp-block-columns-is-layout-flex\">\n<div class=\"wp-block-column is-layout-flow wp-block-column-is-layout-flow\">\n<div class=\"wp-block-columns no-mobile-gap big-container is-layout-flex wp-container-core-columns-is-layout-9d6595d7 wp-block-columns-is-layout-flex\">\n<div class=\"wp-block-column is-layout-flow wp-block-column-is-layout-flow\"><div class=\"wi-block-expertise-related background-disabled\">\n    <div class=\"block-container\">\n        <h2>Expertises<\/h2>\n                    <div class=\"expertises-container\" >\n                                                                            <div class=\"expertise-container expertise-4095\" >\n                            <div class=\"title\">\n                                <h3>Soci\u00e9t\u00e9s et Fusions &amp; Acquisitions<\/h3>\n                                <div class=\"plus-container\">\n                                    <span style=\"background-color: #2a2a2a\"><\/span>\n                                    <span style=\"background-color: #2a2a2a\"><\/span>\n                                <\/div>  \n                             <\/div>\n                            <div class=\"content\">\n                                Chez Reyns Advocaten, nous saisissons pleinement la complexit\u00e9 du droit des soci\u00e9t\u00e9s et les d\u00e9fis rencontr\u00e9s par les entreprises et les entrepreneurs lors de la constitution, la gestion et la restructuration de soci\u00e9t\u00e9s. Notre \u00e9quipe exp\u00e9riment\u00e9e de sp\u00e9cialistes du droit des soci\u00e9t\u00e9s se tient \u00e0 votre disposition pour vous conseiller et vous accompagner dans toutes les facettes du droit des soci\u00e9t\u00e9s.                                <a href=\"https:\/\/reyns-advocaten.be\/fr\/societes-et-fusions-acquisitions\/\" class=\"read-more\">Lire plus<\/a>\n                            <\/div>                   \n                    <\/div>\n                                                                            <div class=\"expertise-container expertise-4105\" >\n                            <div class=\"title\">\n                                <h3>Insolvabilit\u00e9<\/h3>\n                                <div class=\"plus-container\">\n                                    <span style=\"background-color: #2a2a2a\"><\/span>\n                                    <span style=\"background-color: #2a2a2a\"><\/span>\n                                <\/div>  \n                             <\/div>\n                            <div class=\"content\">\n                                Si la continuit\u00e9 des activit\u00e9s de votre entreprise est menac\u00e9e, que soit imm\u00e9diatement ou \u00e0 terme, votre entreprise court le risque d\u2019\u2018insolvabilit\u00e9 imminente\u2019. Pour \u00e9viter la faillite, nous vous accompagnons dans la r\u00e9organisation de votre entreprise en difficult\u00e9. Ensemble, nous veillons \u00e0 prot\u00e9ger votre entreprise contre ses cr\u00e9anciers et tentons ainsi d&rsquo;assurer sa survie. Il en va de l&rsquo;int\u00e9r\u00eat de tous\u00a0: de l&rsquo;entrepreneur, de l&rsquo;entreprise et de ses cr\u00e9anciers.                                <a href=\"https:\/\/reyns-advocaten.be\/fr\/insolvabilite\/\" class=\"read-more\">Lire plus<\/a>\n                            <\/div>                   \n                    <\/div>\n                                                                            <div class=\"expertise-container expertise-4114\" >\n                            <div class=\"title\">\n                                <h3>Immobilier<\/h3>\n                                <div class=\"plus-container\">\n                                    <span style=\"background-color: #2a2a2a\"><\/span>\n                                    <span style=\"background-color: #2a2a2a\"><\/span>\n                                <\/div>  \n                             <\/div>\n                            <div class=\"content\">\n                                Le secteur de l&rsquo;immobilier est tr\u00e8s diversifi\u00e9 et de plus en plus r\u00e9glement\u00e9. La r\u00e9alisation d&rsquo;un projet immobilier implique de nombreuses complexit\u00e9s juridiques, si bien qu\u2019un accompagnement juridique personnalis\u00e9 pour les particuliers et les entrepreneurs ne constitue pas un luxe superflu.                                <a href=\"https:\/\/reyns-advocaten.be\/fr\/mobilier\/\" class=\"read-more\">Lire plus<\/a>\n                            <\/div>                   \n                    <\/div>\n                                                                            <div class=\"expertise-container expertise-4425\" >\n                            <div class=\"title\">\n                                <h3>Entreprises<\/h3>\n                                <div class=\"plus-container\">\n                                    <span style=\"background-color: #2a2a2a\"><\/span>\n                                    <span style=\"background-color: #2a2a2a\"><\/span>\n                                <\/div>  \n                             <\/div>\n                            <div class=\"content\">\n                                Chaque entreprise est confront\u00e9e quotidiennement \u00e0 une diversit\u00e9 de situations juridiques propres au monde des affaires.<br \/>\r\n<br \/>\r\nNos avocats sp\u00e9cialis\u00e9s en droit des entreprises vous offrent conseils et assistance pour la r\u00e9daction et la r\u00e9vision de contrats de droit commercial vari\u00e9s et vous fournissent des conseils juridiques en cas de litiges de droit commercial. Nous vous accompagnons dans vos n\u00e9gociations et assurons votre repr\u00e9sentation devant les tribunaux et les instances d&rsquo;arbitrage.                                <a href=\"https:\/\/reyns-advocaten.be\/fr\/entreprises\/\" class=\"read-more\">Lire plus<\/a>\n                            <\/div>                   \n                    <\/div>\n                            <\/div>\n            <\/div>\n<\/div>\n<\/div>\n<\/div>\n<\/div>\n<\/div>\n\n<div style=\"height:120px\" aria-hidden=\"true\" class=\"wp-block-spacer\"><\/div>\n\n<style>\n    .wi-block-singles-slider .slider-container .slider-navigation button::before {\n        background-color: #083050;\n    }\n\n    .wi-block-singles-slider .slider-container .slider-navigation button::after {\n        background-color: #083050;\n    }\n<\/style>\n\n<div class=\"wi-block-singles-slider\" id=\"slider-4f0077207717e810410d\">\n    <div class=\"block-container\">\n        <div class=\"intro\">\n            <div class=\"left\">\n                <h2>Laatste nieuws<\/h2>\n            <\/div>\n            <div class=\"right\">\n                <p>Reyns Advocaten houdt u op regelmatige tijdstippen op de hoogte over belangrijke juridische evoluties, en wetenswaardigheden die u aanbelangen.<\/p>\n            <\/div>\n        <\/div>\n                    <div class=\"slider-container\">\n                <div class=\"singles-container\">\n                                            <div class=\"single-container \">\n                            <div class=\"image-container\">\n                                <img fetchpriority=\"high\" decoding=\"async\" width=\"1080\" height=\"1080\" src=\"https:\/\/reyns-advocaten.be\/wp-content\/uploads\/2024\/06\/2024_06_Blog_besloten-reorg_10.jpg\" class=\"attachment-large size-large wp-post-image\" alt=\"\" srcset=\"https:\/\/reyns-advocaten.be\/wp-content\/uploads\/2024\/06\/2024_06_Blog_besloten-reorg_10.jpg 1080w, https:\/\/reyns-advocaten.be\/wp-content\/uploads\/2024\/06\/2024_06_Blog_besloten-reorg_10-300x300.jpg 300w, https:\/\/reyns-advocaten.be\/wp-content\/uploads\/2024\/06\/2024_06_Blog_besloten-reorg_10-150x150.jpg 150w, https:\/\/reyns-advocaten.be\/wp-content\/uploads\/2024\/06\/2024_06_Blog_besloten-reorg_10-768x768.jpg 768w\" sizes=\"(max-width: 1080px) 100vw, 1080px\" \/>                            <\/div>\n                            <a href=\"https:\/\/reyns-advocaten.be\/fr\/?p=4381&#038;preview=true&#038;preview_id=4381\" class=\"full-link\"><\/a>\n                        <\/div>\n                                            <div class=\"single-container \">\n                            <div class=\"image-container\">\n                                <img decoding=\"async\" width=\"1080\" height=\"1080\" src=\"https:\/\/reyns-advocaten.be\/wp-content\/uploads\/2024\/10\/Reyns_social-post0.jpg\" class=\"attachment-large size-large wp-post-image\" alt=\"\" srcset=\"https:\/\/reyns-advocaten.be\/wp-content\/uploads\/2024\/10\/Reyns_social-post0.jpg 1080w, https:\/\/reyns-advocaten.be\/wp-content\/uploads\/2024\/10\/Reyns_social-post0-300x300.jpg 300w, https:\/\/reyns-advocaten.be\/wp-content\/uploads\/2024\/10\/Reyns_social-post0-150x150.jpg 150w, https:\/\/reyns-advocaten.be\/wp-content\/uploads\/2024\/10\/Reyns_social-post0-768x768.jpg 768w\" sizes=\"(max-width: 1080px) 100vw, 1080px\" \/>                            <\/div>\n                            <a href=\"https:\/\/reyns-advocaten.be\/de-verlaging-van-het-vlaamse-registratierecht-bij-aankoop-eigen-en-enige-woning-wat-moet-je-weten\/\" class=\"full-link\"><\/a>\n                        <\/div>\n                                            <div class=\"single-container \">\n                            <div class=\"image-container\">\n                                <img decoding=\"async\" width=\"613\" height=\"600\" src=\"https:\/\/reyns-advocaten.be\/wp-content\/uploads\/2024\/11\/Reyns-Gent-Nieuw-Kantoor.jpg\" class=\"attachment-large size-large wp-post-image\" alt=\"\" srcset=\"https:\/\/reyns-advocaten.be\/wp-content\/uploads\/2024\/11\/Reyns-Gent-Nieuw-Kantoor.jpg 613w, https:\/\/reyns-advocaten.be\/wp-content\/uploads\/2024\/11\/Reyns-Gent-Nieuw-Kantoor-300x294.jpg 300w\" sizes=\"(max-width: 613px) 100vw, 613px\" \/>                            <\/div>\n                            <a href=\"https:\/\/reyns-advocaten.be\/reyns-advocaten-nieuwe-vestiging-in-gent\/\" class=\"full-link\"><\/a>\n                        <\/div>\n                                            <div class=\"single-container \">\n                            <div class=\"image-container\">\n                                <img loading=\"lazy\" decoding=\"async\" width=\"1080\" height=\"1080\" src=\"https:\/\/reyns-advocaten.be\/wp-content\/uploads\/2024\/10\/Reyns_social-post.jpg\" class=\"attachment-large size-large wp-post-image\" alt=\"\" srcset=\"https:\/\/reyns-advocaten.be\/wp-content\/uploads\/2024\/10\/Reyns_social-post.jpg 1080w, https:\/\/reyns-advocaten.be\/wp-content\/uploads\/2024\/10\/Reyns_social-post-300x300.jpg 300w, https:\/\/reyns-advocaten.be\/wp-content\/uploads\/2024\/10\/Reyns_social-post-150x150.jpg 150w, https:\/\/reyns-advocaten.be\/wp-content\/uploads\/2024\/10\/Reyns_social-post-768x768.jpg 768w\" sizes=\"(max-width: 1080px) 100vw, 1080px\" \/>                            <\/div>\n                            <a href=\"https:\/\/reyns-advocaten.be\/nieuwigheden-bij-commerciele-samenwerkingsovereenkomsten\/\" class=\"full-link\"><\/a>\n                        <\/div>\n                                            <div class=\"single-container \">\n                            <div class=\"image-container\">\n                                <img loading=\"lazy\" decoding=\"async\" width=\"1080\" height=\"1080\" src=\"https:\/\/reyns-advocaten.be\/wp-content\/uploads\/2024\/10\/Reyns_social-post_2.jpg\" class=\"attachment-large size-large wp-post-image\" alt=\"\" srcset=\"https:\/\/reyns-advocaten.be\/wp-content\/uploads\/2024\/10\/Reyns_social-post_2.jpg 1080w, https:\/\/reyns-advocaten.be\/wp-content\/uploads\/2024\/10\/Reyns_social-post_2-300x300.jpg 300w, https:\/\/reyns-advocaten.be\/wp-content\/uploads\/2024\/10\/Reyns_social-post_2-150x150.jpg 150w, https:\/\/reyns-advocaten.be\/wp-content\/uploads\/2024\/10\/Reyns_social-post_2-768x768.jpg 768w\" sizes=\"(max-width: 1080px) 100vw, 1080px\" \/>                            <\/div>\n                            <a href=\"https:\/\/reyns-advocaten.be\/cassatiearrest-van-22-januari-2024-mogelijkheid-van-vroegtijdige-afspraken-over-verdeling-van-gemeenschappelijk-vermogen-bevestigd\/\" class=\"full-link\"><\/a>\n                        <\/div>\n                                            <div class=\"single-container \">\n                            <div class=\"image-container\">\n                                <img loading=\"lazy\" decoding=\"async\" width=\"1080\" height=\"1080\" src=\"https:\/\/reyns-advocaten.be\/wp-content\/uploads\/2024\/08\/Reyns_social-post_1_10.jpg\" class=\"attachment-large size-large wp-post-image\" alt=\"\" srcset=\"https:\/\/reyns-advocaten.be\/wp-content\/uploads\/2024\/08\/Reyns_social-post_1_10.jpg 1080w, https:\/\/reyns-advocaten.be\/wp-content\/uploads\/2024\/08\/Reyns_social-post_1_10-300x300.jpg 300w, https:\/\/reyns-advocaten.be\/wp-content\/uploads\/2024\/08\/Reyns_social-post_1_10-150x150.jpg 150w, https:\/\/reyns-advocaten.be\/wp-content\/uploads\/2024\/08\/Reyns_social-post_1_10-768x768.jpg 768w\" sizes=\"(max-width: 1080px) 100vw, 1080px\" \/>                            <\/div>\n                            <a href=\"https:\/\/reyns-advocaten.be\/de-impact-van-het-nieuwe-boek-6-bw-op-de-praktijk\/\" class=\"full-link\"><\/a>\n                        <\/div>\n                                            <div class=\"single-container \">\n                            <div class=\"image-container\">\n                                <img loading=\"lazy\" decoding=\"async\" width=\"1080\" height=\"1080\" src=\"https:\/\/reyns-advocaten.be\/wp-content\/uploads\/2024\/11\/Reyns_social-post_10.jpg\" class=\"attachment-large size-large wp-post-image\" alt=\"Overdracht van uw familiebedrijf in het Vlaams Gewest: strengere voorwaarden op komst?\" srcset=\"https:\/\/reyns-advocaten.be\/wp-content\/uploads\/2024\/11\/Reyns_social-post_10.jpg 1080w, https:\/\/reyns-advocaten.be\/wp-content\/uploads\/2024\/11\/Reyns_social-post_10-300x300.jpg 300w, https:\/\/reyns-advocaten.be\/wp-content\/uploads\/2024\/11\/Reyns_social-post_10-150x150.jpg 150w, https:\/\/reyns-advocaten.be\/wp-content\/uploads\/2024\/11\/Reyns_social-post_10-768x768.jpg 768w\" sizes=\"(max-width: 1080px) 100vw, 1080px\" \/>                            <\/div>\n                            <a href=\"https:\/\/reyns-advocaten.be\/overdracht-van-uw-familiebedrijf-in-het-vlaams-gewest-strengere-voorwaarden-op-komst\/\" class=\"full-link\"><\/a>\n                        <\/div>\n                                    <\/div>\n                <div class=\"slider-navigation\"><\/div>\n            <\/div>\n                            <div class=\"buttons-container\">\n                                            <a href=\"https:\/\/reyns-advocaten.be\/nieuws\/\" class=\"dark\">Bekijk alle nieuwsitems<\/a>\n                                    <\/div>\n                        <\/div>\n<\/div>\n\n<script>\n    window.onload = function() {\n        jQuery(document).ready(function() {\n\n            $('#slider-4f0077207717e810410d .singles-container').slick({\n                infinite: true,\n                slidesToShow: 4,\n                slidesToScroll: 1,\n                arrows: true,\n                appendArrows: '.slider-navigation',\n                responsive: [{\n                        breakpoint: 1400,\n                        settings: {\n                            slidesToShow: 3,\n                            slidesToScroll: 1,\n                        }\n                    },\n                    {\n                        breakpoint: 1000,\n                        settings: {\n                            slidesToShow: 2,\n                            slidesToScroll: 1\n                        }\n                    },\n                    {\n                        breakpoint: 600,\n                        settings: {\n                            slidesToShow: 1,\n                            slidesToScroll: 1\n                        }\n                    }\n                ]\n            });\n\n        });\n    };\n<\/script>\n\n<div style=\"height:80px\" aria-hidden=\"true\" class=\"wp-block-spacer\"><\/div>\n<div class=\"wi-block-content-media right\">\n    <div class=\"block-container\">\n        <div class=\"left\">\n                            <div class=\"image-container\">\n                    <img decoding=\"async\" src=\"https:\/\/reyns-advocaten.be\/wp-content\/uploads\/2023\/10\/FotoHildeCollier-Bedrijfsfotografie-ReynsAdvocaten-35-2-min-scaled.jpg\" alt=\"Dutch Desk\">\n                <\/div>\n                    <\/div>\n        <div class=\"right\">\n            <div class=\"content\">\n                <h2>Team<\/h2>\n<p>Een uitgelezen mix van jarenlange praktijkervaring en jeugdige dynamiek, verbonden door een passie voor het recht. Reyns advocaten hecht veel belang aan enthousiast teamwork.<\/p>\n<p><a href=\"https:\/\/reyns-advocaten.be\/team\/\">Ontmoet het team<\/a><\/p>\n            <\/div>\n        <\/div>\n    <\/div>\n<\/div>\n\n<div style=\"height:80px\" aria-hidden=\"true\" class=\"wp-block-spacer\"><\/div>\n<div class=\"wi-block-content-media left\">\n    <div class=\"block-container\">\n        <div class=\"left\">\n                            <div class=\"image-container\">\n                    <img decoding=\"async\" src=\"https:\/\/reyns-advocaten.be\/wp-content\/uploads\/2023\/10\/FotoHildeCollier-Bedrijfsfotografie-ReynsAdvocaten-7-2-min-scaled.jpg\" alt=\"\">\n                <\/div>\n                    <\/div>\n        <div class=\"right\">\n            <div class=\"content\">\n                <h2>Kantoren<\/h2>\n<p>Wij ontvangen u graag in onze gloednieuwe kantoren te Melsele en Antwerpen.<\/p>\n<p><a href=\"https:\/\/reyns-advocaten.be\/contact\/\">Contacteer ons<\/a><\/p>\n            <\/div>\n        <\/div>\n    <\/div>\n<\/div>\n\n<div style=\"height:120px\" aria-hidden=\"true\" class=\"wp-block-spacer\"><\/div>\n\n<p><\/p>\n","protected":false},"excerpt":{"rendered":"<p>Doeltreffend en doelgericht Wij bieden expertise aan in verschillende praktijkgebieden ter ondersteuning van (internationale) ondernemingen, investeerders, aandeelhouders en overheidsinstellingen. Wij staan ook ter beschikking voor particulieren die gespecialiseerde bijstand wensen in onze expertisedomeinen. Wij streven naar een no-nonsense en pragmatische aanpak enerzijds, evenals naar een doorgedreven professionaliteit en expertise anderzijds. Wij hechten veel belang aan [&hellip;]<\/p>\n","protected":false},"author":7,"featured_media":3670,"parent":0,"menu_order":0,"comment_status":"closed","ping_status":"closed","template":"","meta":{"_acf_changed":false,"om_disable_all_campaigns":false,"_monsterinsights_skip_tracking":false,"_monsterinsights_sitenote_active":false,"_monsterinsights_sitenote_note":"","_monsterinsights_sitenote_category":0,"footnotes":""},"class_list":["post-6175","page","type-page","status-publish","has-post-thumbnail","hentry"],"pp_statuses_selecting_workflow":false,"pp_workflow_action":"current","pp_status_selection":"publish","acf":[],"aioseo_notices":[],"_links":{"self":[{"href":"https:\/\/reyns-advocaten.be\/fr\/wp-json\/wp\/v2\/pages\/6175","targetHints":{"allow":["GET"]}}],"collection":[{"href":"https:\/\/reyns-advocaten.be\/fr\/wp-json\/wp\/v2\/pages"}],"about":[{"href":"https:\/\/reyns-advocaten.be\/fr\/wp-json\/wp\/v2\/types\/page"}],"author":[{"embeddable":true,"href":"https:\/\/reyns-advocaten.be\/fr\/wp-json\/wp\/v2\/users\/7"}],"replies":[{"embeddable":true,"href":"https:\/\/reyns-advocaten.be\/fr\/wp-json\/wp\/v2\/comments?post=6175"}],"version-history":[{"count":0,"href":"https:\/\/reyns-advocaten.be\/fr\/wp-json\/wp\/v2\/pages\/6175\/revisions"}],"wp:featuredmedia":[{"embeddable":true,"href":"https:\/\/reyns-advocaten.be\/fr\/wp-json\/wp\/v2\/media\/3670"}],"wp:attachment":[{"href":"https:\/\/reyns-advocaten.be\/fr\/wp-json\/wp\/v2\/media?parent=6175"}],"curies":[{"name":"wp","href":"https:\/\/api.w.org\/{rel}","templated":true}]}}